{"id":451,"date":"2015-01-09T15:11:28","date_gmt":"2015-01-09T15:11:28","guid":{"rendered":"http:\/\/www.bvrelectronic.de\/cms\/impressum-2\/"},"modified":"2020-04-29T12:52:04","modified_gmt":"2020-04-29T12:52:04","slug":"impressum","status":"publish","type":"page","link":"https:\/\/www.bvrelectronic.de\/?page_id=451&lang=en","title":{"rendered":"Impressum"},"content":{"rendered":"<p>BvR electronic GmbH<br \/>\nGottschalling 7 a<br \/>\n83075 Bad Feilnbach<\/p>\n<p><strong>Gesch\u00e4ftsf\u00fchrer:<\/strong><br \/>\nBernhard von Rudno<\/p>\n<p><strong>Verantwortlich f\u00fcr den Inhalt der Website:<\/strong><br \/>\nBernhard von Rudno<\/p>\n<p><strong>Betriebsst\u00e4tte:<\/strong><br \/>\nDieselstrasse 22<br \/>\n85551 Kirchheim b. M\u00fcnchen<br \/>\nTelefon: 089 \/ 99 15 24 &#8211; 0<br \/>\nTelefax: 089 \/ 99 15 24 &#8211; 11<br \/>\ninfo@bvrelectronic.de<\/p>\n<p><strong>Rechtliche Hinweise:<\/strong><br \/>\nCopyright 2015 BvR electronic GmbH<br \/>\nAlle Rechte vorbehalten.<\/p>\n<p>Umsatzsteuer-Identifikationsnummer gem\u00e4\u00df \u00a7 27a Umsatzsteuergesetz: DE 811607270<br \/>\nRegistergericht Traunstein, HRB 8729<\/p>\n<p><strong>Konzeption \u2013 Webdesign \u2013 Realisierung:<br \/>\n<\/strong>artconcept Werbeagentur GmbH<br \/>\n<a href=\"http:\/\/artconcept-werbeagentur.de\" target=\"_blank\" rel=\"noopener noreferrer\">www.artconcept-werbeagentur.de<\/a><\/p>\n","protected":false},"excerpt":{"rendered":"<p>BvR electronic GmbH Gottschalling 7 a 83075 Bad Feilnbach Gesch\u00e4ftsf\u00fchrer: Bernhard von Rudno Verantwortlich f\u00fcr den Inhalt der Website: Bernhard von Rudno Betriebsst\u00e4tte: Dieselstrasse 22 85551 Kirchheim b. M\u00fcnchen Telefon: 089 \/ 99 15 24 &#8211; 0 Telefax: 089 \/ 99 15 24 &#8211; 11 info@bvrelectronic.de Rechtliche Hinweise: Copyright 2015 BvR electronic GmbH Alle Rechte [&hellip;]<\/p>\n","protected":false},"author":1,"featured_media":0,"parent":0,"menu_order":6,"comment_status":"closed","ping_status":"closed","template":"page-templates\/full-width.php","meta":[],"yoast_head":"<!-- This site is optimized with the Yoast SEO plugin v19.14 - https:\/\/yoast.com\/wordpress\/plugins\/seo\/ -->\n<title>Impressum - BvR electronic<\/title>\n<meta name=\"robots\" content=\"index, follow, max-snippet:-1, max-image-preview:large, max-video-preview:-1\" \/>\n<link rel=\"canonical\" href=\"https:\/\/www.bvrelectronic.de\/?page_id=451&lang=en\" \/>\n<meta property=\"og:locale\" content=\"en_US\" \/>\n<meta property=\"og:type\" content=\"article\" \/>\n<meta property=\"og:title\" content=\"Impressum - BvR electronic\" \/>\n<meta property=\"og:description\" content=\"BvR electronic GmbH Gottschalling 7 a 83075 Bad Feilnbach Gesch\u00e4ftsf\u00fchrer: Bernhard von Rudno Verantwortlich f\u00fcr den Inhalt der Website: Bernhard von Rudno Betriebsst\u00e4tte: Dieselstrasse 22 85551 Kirchheim b. M\u00fcnchen Telefon: 089 \/ 99 15 24 &#8211; 0 Telefax: 089 \/ 99 15 24 &#8211; 11 info@bvrelectronic.de Rechtliche Hinweise: Copyright 2015 BvR electronic GmbH Alle Rechte [&hellip;]\" \/>\n<meta property=\"og:url\" content=\"https:\/\/www.bvrelectronic.de\/?page_id=451&amp;lang=en\" \/>\n<meta property=\"og:site_name\" content=\"BvR electronic\" \/>\n<meta property=\"article:modified_time\" content=\"2020-04-29T12:52:04+00:00\" \/>\n<script type=\"application\/ld+json\" class=\"yoast-schema-graph\">{\"@context\":\"https:\/\/schema.org\",\"@graph\":[{\"@type\":\"WebPage\",\"@id\":\"https:\/\/www.bvrelectronic.de\/?page_id=451&lang=en\",\"url\":\"https:\/\/www.bvrelectronic.de\/?page_id=451&lang=en\",\"name\":\"Impressum - BvR electronic\",\"isPartOf\":{\"@id\":\"https:\/\/www.bvrelectronic.de\/#website\"},\"datePublished\":\"2015-01-09T15:11:28+00:00\",\"dateModified\":\"2020-04-29T12:52:04+00:00\",\"breadcrumb\":{\"@id\":\"https:\/\/www.bvrelectronic.de\/?page_id=451&lang=en#breadcrumb\"},\"inLanguage\":\"en-US\",\"potentialAction\":[{\"@type\":\"ReadAction\",\"target\":[\"https:\/\/www.bvrelectronic.de\/?page_id=451&lang=en\"]}]},{\"@type\":\"BreadcrumbList\",\"@id\":\"https:\/\/www.bvrelectronic.de\/?page_id=451&lang=en#breadcrumb\",\"itemListElement\":[{\"@type\":\"ListItem\",\"position\":1,\"name\":\"Startseite\",\"item\":\"https:\/\/www.bvrelectronic.de\/?lang=en\"},{\"@type\":\"ListItem\",\"position\":2,\"name\":\"Impressum\"}]},{\"@type\":\"WebSite\",\"@id\":\"https:\/\/www.bvrelectronic.de\/#website\",\"url\":\"https:\/\/www.bvrelectronic.de\/\",\"name\":\"BvR electronic\",\"description\":\"Eine weitere WordPress-Seite\",\"publisher\":{\"@id\":\"https:\/\/www.bvrelectronic.de\/#organization\"},\"potentialAction\":[{\"@type\":\"SearchAction\",\"target\":{\"@type\":\"EntryPoint\",\"urlTemplate\":\"https:\/\/www.bvrelectronic.de\/?s={search_term_string}\"},\"query-input\":\"required name=search_term_string\"}],\"inLanguage\":\"en-US\"},{\"@type\":\"Organization\",\"@id\":\"https:\/\/www.bvrelectronic.de\/#organization\",\"name\":\"BvR electronic GmbH\",\"url\":\"https:\/\/www.bvrelectronic.de\/\",\"logo\":{\"@type\":\"ImageObject\",\"inLanguage\":\"en-US\",\"@id\":\"https:\/\/www.bvrelectronic.de\/#\/schema\/logo\/image\/\",\"url\":\"https:\/\/www.bvrelectronic.de\/cms\/wp-content\/uploads\/BVR-logo-ISO-9001-2015.jpg\",\"contentUrl\":\"https:\/\/www.bvrelectronic.de\/cms\/wp-content\/uploads\/BVR-logo-ISO-9001-2015.jpg\",\"width\":1124,\"height\":632,\"caption\":\"BvR electronic GmbH\"},\"image\":{\"@id\":\"https:\/\/www.bvrelectronic.de\/#\/schema\/logo\/image\/\"}}]}<\/script>\n<!-- \/ Yoast SEO plugin. -->","yoast_head_json":{"title":"Impressum - BvR electronic","robots":{"index":"index","follow":"follow","max-snippet":"max-snippet:-1","max-image-preview":"max-image-preview:large","max-video-preview":"max-video-preview:-1"},"canonical":"https:\/\/www.bvrelectronic.de\/?page_id=451&lang=en","og_locale":"en_US","og_type":"article","og_title":"Impressum - BvR electronic","og_description":"BvR electronic GmbH Gottschalling 7 a 83075 Bad Feilnbach Gesch\u00e4ftsf\u00fchrer: Bernhard von Rudno Verantwortlich f\u00fcr den Inhalt der Website: Bernhard von Rudno Betriebsst\u00e4tte: Dieselstrasse 22 85551 Kirchheim b. M\u00fcnchen Telefon: 089 \/ 99 15 24 &#8211; 0 Telefax: 089 \/ 99 15 24 &#8211; 11 info@bvrelectronic.de Rechtliche Hinweise: Copyright 2015 BvR electronic GmbH Alle Rechte [&hellip;]","og_url":"https:\/\/www.bvrelectronic.de\/?page_id=451&lang=en","og_site_name":"BvR electronic","article_modified_time":"2020-04-29T12:52:04+00:00","schema":{"@context":"https:\/\/schema.org","@graph":[{"@type":"WebPage","@id":"https:\/\/www.bvrelectronic.de\/?page_id=451&lang=en","url":"https:\/\/www.bvrelectronic.de\/?page_id=451&lang=en","name":"Impressum - BvR electronic","isPartOf":{"@id":"https:\/\/www.bvrelectronic.de\/#website"},"datePublished":"2015-01-09T15:11:28+00:00","dateModified":"2020-04-29T12:52:04+00:00","breadcrumb":{"@id":"https:\/\/www.bvrelectronic.de\/?page_id=451&lang=en#breadcrumb"},"inLanguage":"en-US","potentialAction":[{"@type":"ReadAction","target":["https:\/\/www.bvrelectronic.de\/?page_id=451&lang=en"]}]},{"@type":"BreadcrumbList","@id":"https:\/\/www.bvrelectronic.de\/?page_id=451&lang=en#breadcrumb","itemListElement":[{"@type":"ListItem","position":1,"name":"Startseite","item":"https:\/\/www.bvrelectronic.de\/?lang=en"},{"@type":"ListItem","position":2,"name":"Impressum"}]},{"@type":"WebSite","@id":"https:\/\/www.bvrelectronic.de\/#website","url":"https:\/\/www.bvrelectronic.de\/","name":"BvR electronic","description":"Eine weitere WordPress-Seite","publisher":{"@id":"https:\/\/www.bvrelectronic.de\/#organization"},"potentialAction":[{"@type":"SearchAction","target":{"@type":"EntryPoint","urlTemplate":"https:\/\/www.bvrelectronic.de\/?s={search_term_string}"},"query-input":"required name=search_term_string"}],"inLanguage":"en-US"},{"@type":"Organization","@id":"https:\/\/www.bvrelectronic.de\/#organization","name":"BvR electronic GmbH","url":"https:\/\/www.bvrelectronic.de\/","logo":{"@type":"ImageObject","inLanguage":"en-US","@id":"https:\/\/www.bvrelectronic.de\/#\/schema\/logo\/image\/","url":"https:\/\/www.bvrelectronic.de\/cms\/wp-content\/uploads\/BVR-logo-ISO-9001-2015.jpg","contentUrl":"https:\/\/www.bvrelectronic.de\/cms\/wp-content\/uploads\/BVR-logo-ISO-9001-2015.jpg","width":1124,"height":632,"caption":"BvR electronic GmbH"},"image":{"@id":"https:\/\/www.bvrelectronic.de\/#\/schema\/logo\/image\/"}}]}},"_links":{"self":[{"href":"https:\/\/www.bvrelectronic.de\/index.php?rest_route=%2Fwp%2Fv2%2Fpages%2F451&lang=en"}],"collection":[{"href":"https:\/\/www.bvrelectronic.de\/index.php?rest_route=%2Fwp%2Fv2%2Fpages&lang=en"}],"about":[{"href":"https:\/\/www.bvrelectronic.de\/index.php?rest_route=%2Fwp%2Fv2%2Ftypes%2Fpage&lang=en"}],"author":[{"embeddable":true,"href":"https:\/\/www.bvrelectronic.de\/index.php?rest_route=%2Fwp%2Fv2%2Fusers%2F1&lang=en"}],"replies":[{"embeddable":true,"href":"https:\/\/www.bvrelectronic.de\/index.php?rest_route=%2Fwp%2Fv2%2Fcomments&lang=en&post=451"}],"version-history":[{"count":5,"href":"https:\/\/www.bvrelectronic.de\/index.php?rest_route=%2Fwp%2Fv2%2Fpages%2F451%2Frevisions&lang=en"}],"predecessor-version":[{"id":817,"href":"https:\/\/www.bvrelectronic.de\/index.php?rest_route=%2Fwp%2Fv2%2Fpages%2F451%2Frevisions%2F817&lang=en"}],"wp:attachment":[{"href":"https:\/\/www.bvrelectronic.de\/index.php?rest_route=%2Fwp%2Fv2%2Fmedia&lang=en&parent=451"}],"curies":[{"name":"wp","href":"https:\/\/api.w.org\/{rel}","templated":true}]}}