{"id":452,"date":"2015-01-09T15:11:49","date_gmt":"2015-01-09T15:11:49","guid":{"rendered":"http:\/\/www.bvrelectronic.de\/cms\/datenschutz-2\/"},"modified":"2015-01-22T14:51:21","modified_gmt":"2015-01-22T14:51:21","slug":"datenschutz","status":"publish","type":"page","link":"https:\/\/www.bvrelectronic.de\/?page_id=452&lang=en","title":{"rendered":"Datenschutz"},"content":{"rendered":"<p>Soweit auf unseren Seiten personenbezogene Daten (beispielsweise Name, Anschrift oder eMail-Adressen) erhoben werden, erfolgt dies soweit m\u00f6glich stets auf freiwilliger Basis. Die Nutzung der Angebote und Dienste ist, soweit m\u00f6glich, stets ohne Angabe personenbezogener Daten m\u00f6glich.<\/p>\n<p>Der Nutzung von im Rahmen der Impressumspflicht ver\u00f6ffentlichten Kontaktdaten durch Dritte zur \u00dcbersendung von nicht ausdr\u00fccklich angeforderter Werbung und Informationsmaterialien wird hiermit ausdr\u00fccklich widersprochen. Die Betreiber der Seiten behalten sich ausdr\u00fccklich rechtliche Schritte im Falle der unverlangten Zusendung von Werbeinformationen, etwa durch Spam-Mails, vor.<\/p>\n","protected":false},"excerpt":{"rendered":"<p>Soweit auf unseren Seiten personenbezogene Daten (beispielsweise Name, Anschrift oder eMail-Adressen) erhoben werden, erfolgt dies soweit m\u00f6glich stets auf freiwilliger Basis. Die Nutzung der Angebote und Dienste ist, soweit m\u00f6glich, stets ohne Angabe personenbezogener Daten m\u00f6glich. Der Nutzung von im Rahmen der Impressumspflicht ver\u00f6ffentlichten Kontaktdaten durch Dritte zur \u00dcbersendung von nicht ausdr\u00fccklich angeforderter Werbung und [&hellip;]<\/p>\n","protected":false},"author":1,"featured_media":0,"parent":0,"menu_order":7,"comment_status":"open","ping_status":"open","template":"page-templates\/full-width.php","meta":[],"yoast_head":"<!-- This site is optimized with the Yoast SEO plugin v19.14 - https:\/\/yoast.com\/wordpress\/plugins\/seo\/ -->\n<title>Datenschutz - BvR electronic<\/title>\n<meta name=\"robots\" content=\"index, follow, max-snippet:-1, max-image-preview:large, max-video-preview:-1\" \/>\n<link rel=\"canonical\" href=\"https:\/\/www.bvrelectronic.de\/?page_id=452&lang=en\" \/>\n<meta property=\"og:locale\" content=\"en_US\" \/>\n<meta property=\"og:type\" content=\"article\" \/>\n<meta property=\"og:title\" content=\"Datenschutz - BvR electronic\" \/>\n<meta property=\"og:description\" content=\"Soweit auf unseren Seiten personenbezogene Daten (beispielsweise Name, Anschrift oder eMail-Adressen) erhoben werden, erfolgt dies soweit m\u00f6glich stets auf freiwilliger Basis. Die Nutzung der Angebote und Dienste ist, soweit m\u00f6glich, stets ohne Angabe personenbezogener Daten m\u00f6glich. Der Nutzung von im Rahmen der Impressumspflicht ver\u00f6ffentlichten Kontaktdaten durch Dritte zur \u00dcbersendung von nicht ausdr\u00fccklich angeforderter Werbung und [&hellip;]\" \/>\n<meta property=\"og:url\" content=\"https:\/\/www.bvrelectronic.de\/?page_id=452&amp;lang=en\" \/>\n<meta property=\"og:site_name\" content=\"BvR electronic\" \/>\n<meta property=\"article:modified_time\" content=\"2015-01-22T14:51:21+00:00\" \/>\n<script type=\"application\/ld+json\" class=\"yoast-schema-graph\">{\"@context\":\"https:\/\/schema.org\",\"@graph\":[{\"@type\":\"WebPage\",\"@id\":\"https:\/\/www.bvrelectronic.de\/?page_id=452&lang=en\",\"url\":\"https:\/\/www.bvrelectronic.de\/?page_id=452&lang=en\",\"name\":\"Datenschutz - BvR electronic\",\"isPartOf\":{\"@id\":\"https:\/\/www.bvrelectronic.de\/#website\"},\"datePublished\":\"2015-01-09T15:11:49+00:00\",\"dateModified\":\"2015-01-22T14:51:21+00:00\",\"breadcrumb\":{\"@id\":\"https:\/\/www.bvrelectronic.de\/?page_id=452&lang=en#breadcrumb\"},\"inLanguage\":\"en-US\",\"potentialAction\":[{\"@type\":\"ReadAction\",\"target\":[\"https:\/\/www.bvrelectronic.de\/?page_id=452&lang=en\"]}]},{\"@type\":\"BreadcrumbList\",\"@id\":\"https:\/\/www.bvrelectronic.de\/?page_id=452&lang=en#breadcrumb\",\"itemListElement\":[{\"@type\":\"ListItem\",\"position\":1,\"name\":\"Startseite\",\"item\":\"https:\/\/www.bvrelectronic.de\/?lang=en\"},{\"@type\":\"ListItem\",\"position\":2,\"name\":\"Datenschutz\"}]},{\"@type\":\"WebSite\",\"@id\":\"https:\/\/www.bvrelectronic.de\/#website\",\"url\":\"https:\/\/www.bvrelectronic.de\/\",\"name\":\"BvR electronic\",\"description\":\"Eine weitere WordPress-Seite\",\"publisher\":{\"@id\":\"https:\/\/www.bvrelectronic.de\/#organization\"},\"potentialAction\":[{\"@type\":\"SearchAction\",\"target\":{\"@type\":\"EntryPoint\",\"urlTemplate\":\"https:\/\/www.bvrelectronic.de\/?s={search_term_string}\"},\"query-input\":\"required name=search_term_string\"}],\"inLanguage\":\"en-US\"},{\"@type\":\"Organization\",\"@id\":\"https:\/\/www.bvrelectronic.de\/#organization\",\"name\":\"BvR electronic GmbH\",\"url\":\"https:\/\/www.bvrelectronic.de\/\",\"logo\":{\"@type\":\"ImageObject\",\"inLanguage\":\"en-US\",\"@id\":\"https:\/\/www.bvrelectronic.de\/#\/schema\/logo\/image\/\",\"url\":\"https:\/\/www.bvrelectronic.de\/cms\/wp-content\/uploads\/BVR-logo-ISO-9001-2015.jpg\",\"contentUrl\":\"https:\/\/www.bvrelectronic.de\/cms\/wp-content\/uploads\/BVR-logo-ISO-9001-2015.jpg\",\"width\":1124,\"height\":632,\"caption\":\"BvR electronic GmbH\"},\"image\":{\"@id\":\"https:\/\/www.bvrelectronic.de\/#\/schema\/logo\/image\/\"}}]}<\/script>\n<!-- \/ Yoast SEO plugin. -->","yoast_head_json":{"title":"Datenschutz - BvR electronic","robots":{"index":"index","follow":"follow","max-snippet":"max-snippet:-1","max-image-preview":"max-image-preview:large","max-video-preview":"max-video-preview:-1"},"canonical":"https:\/\/www.bvrelectronic.de\/?page_id=452&lang=en","og_locale":"en_US","og_type":"article","og_title":"Datenschutz - BvR electronic","og_description":"Soweit auf unseren Seiten personenbezogene Daten (beispielsweise Name, Anschrift oder eMail-Adressen) erhoben werden, erfolgt dies soweit m\u00f6glich stets auf freiwilliger Basis. Die Nutzung der Angebote und Dienste ist, soweit m\u00f6glich, stets ohne Angabe personenbezogener Daten m\u00f6glich. Der Nutzung von im Rahmen der Impressumspflicht ver\u00f6ffentlichten Kontaktdaten durch Dritte zur \u00dcbersendung von nicht ausdr\u00fccklich angeforderter Werbung und [&hellip;]","og_url":"https:\/\/www.bvrelectronic.de\/?page_id=452&lang=en","og_site_name":"BvR electronic","article_modified_time":"2015-01-22T14:51:21+00:00","schema":{"@context":"https:\/\/schema.org","@graph":[{"@type":"WebPage","@id":"https:\/\/www.bvrelectronic.de\/?page_id=452&lang=en","url":"https:\/\/www.bvrelectronic.de\/?page_id=452&lang=en","name":"Datenschutz - BvR electronic","isPartOf":{"@id":"https:\/\/www.bvrelectronic.de\/#website"},"datePublished":"2015-01-09T15:11:49+00:00","dateModified":"2015-01-22T14:51:21+00:00","breadcrumb":{"@id":"https:\/\/www.bvrelectronic.de\/?page_id=452&lang=en#breadcrumb"},"inLanguage":"en-US","potentialAction":[{"@type":"ReadAction","target":["https:\/\/www.bvrelectronic.de\/?page_id=452&lang=en"]}]},{"@type":"BreadcrumbList","@id":"https:\/\/www.bvrelectronic.de\/?page_id=452&lang=en#breadcrumb","itemListElement":[{"@type":"ListItem","position":1,"name":"Startseite","item":"https:\/\/www.bvrelectronic.de\/?lang=en"},{"@type":"ListItem","position":2,"name":"Datenschutz"}]},{"@type":"WebSite","@id":"https:\/\/www.bvrelectronic.de\/#website","url":"https:\/\/www.bvrelectronic.de\/","name":"BvR electronic","description":"Eine weitere WordPress-Seite","publisher":{"@id":"https:\/\/www.bvrelectronic.de\/#organization"},"potentialAction":[{"@type":"SearchAction","target":{"@type":"EntryPoint","urlTemplate":"https:\/\/www.bvrelectronic.de\/?s={search_term_string}"},"query-input":"required name=search_term_string"}],"inLanguage":"en-US"},{"@type":"Organization","@id":"https:\/\/www.bvrelectronic.de\/#organization","name":"BvR electronic GmbH","url":"https:\/\/www.bvrelectronic.de\/","logo":{"@type":"ImageObject","inLanguage":"en-US","@id":"https:\/\/www.bvrelectronic.de\/#\/schema\/logo\/image\/","url":"https:\/\/www.bvrelectronic.de\/cms\/wp-content\/uploads\/BVR-logo-ISO-9001-2015.jpg","contentUrl":"https:\/\/www.bvrelectronic.de\/cms\/wp-content\/uploads\/BVR-logo-ISO-9001-2015.jpg","width":1124,"height":632,"caption":"BvR electronic GmbH"},"image":{"@id":"https:\/\/www.bvrelectronic.de\/#\/schema\/logo\/image\/"}}]}},"_links":{"self":[{"href":"https:\/\/www.bvrelectronic.de\/index.php?rest_route=%2Fwp%2Fv2%2Fpages%2F452&lang=en"}],"collection":[{"href":"https:\/\/www.bvrelectronic.de\/index.php?rest_route=%2Fwp%2Fv2%2Fpages&lang=en"}],"about":[{"href":"https:\/\/www.bvrelectronic.de\/index.php?rest_route=%2Fwp%2Fv2%2Ftypes%2Fpage&lang=en"}],"author":[{"embeddable":true,"href":"https:\/\/www.bvrelectronic.de\/index.php?rest_route=%2Fwp%2Fv2%2Fusers%2F1&lang=en"}],"replies":[{"embeddable":true,"href":"https:\/\/www.bvrelectronic.de\/index.php?rest_route=%2Fwp%2Fv2%2Fcomments&lang=en&post=452"}],"version-history":[{"count":1,"href":"https:\/\/www.bvrelectronic.de\/index.php?rest_route=%2Fwp%2Fv2%2Fpages%2F452%2Frevisions&lang=en"}],"predecessor-version":[{"id":537,"href":"https:\/\/www.bvrelectronic.de\/index.php?rest_route=%2Fwp%2Fv2%2Fpages%2F452%2Frevisions%2F537&lang=en"}],"wp:attachment":[{"href":"https:\/\/www.bvrelectronic.de\/index.php?rest_route=%2Fwp%2Fv2%2Fmedia&lang=en&parent=452"}],"curies":[{"name":"wp","href":"https:\/\/api.w.org\/{rel}","templated":true}]}}