{"id":2,"date":"2015-01-09T10:31:05","date_gmt":"2015-01-09T10:31:05","guid":{"rendered":"http:\/\/www.bvrelectronic.de\/cms\/?page_id=2"},"modified":"2020-02-28T10:53:32","modified_gmt":"2020-02-28T10:53:32","slug":"beispiel-seite","status":"publish","type":"page","link":"https:\/\/www.bvrelectronic.de\/","title":{"rendered":"Home"},"content":{"rendered":"<h1>BvR electronic hei\u00dft Sie herzlich Willkommen<\/h1>\n<p><strong>Ihr Partner f\u00fcr komplette Elektronikdienstleistung<\/strong><\/p>\n<p>Seit \u00fcber 25 Jahren bietet unser vielf\u00e4ltiges Angebot im Bereich Elektronikdienstleistung eine professionelle Betreuung und Full Service, von der ersten Idee bis zum wirtschaftlich und technologisch optimalen Produkt.<\/p>\n<p>Kompetente Beratung, zuverl\u00e4ssige Ausf\u00fchrung, Flexibilit\u00e4t und ein hohes Ma\u00df an Know-How sind unsere St\u00e4rken \u2013 angefangen bei der Konzeption der Aufgabenstellung, \u00fcber Schaltungsentwicklung, Layout Entflechtung, Beschaffung, Best\u00fcckung und Montage bis hin zur Endpr\u00fcfung und versandgerechten Verpackung.<\/p>\n<p>Effiziente, designorientierte und innovative LED-Beleuchtungssysteme runden unserPortfolio ab. Eigene Konzeption und Produktion geben uns die M\u00f6glichkeit auf nahezu alle Kundenw\u00fcnsche einzugehen.<\/p>\n<p>Durch die Konzentration von Technik, Administration, Marketing und Vertrieb aus einer Hand sind wir in der Lage Ihre W\u00fcnsche und Anfragen schnell, entschlossen und zielgerichtet umzusetzen. Wir freuen uns auf eine gute und erfolgreiche Zusammenarbeit.<\/p>\n<p><a class=\"text-button\" href=\"https:\/\/www.bvrelectronic.de\/?page_id=65\">Unsere Firmenphilosophie<\/a><\/p>\n","protected":false},"excerpt":{"rendered":"<p>BvR electronic hei\u00dft Sie herzlich Willkommen Ihr Partner f\u00fcr komplette Elektronikdienstleistung Seit \u00fcber 25 Jahren bietet unser vielf\u00e4ltiges Angebot im Bereich Elektronikdienstleistung eine professionelle Betreuung und Full Service, von der ersten Idee bis zum wirtschaftlich und technologisch optimalen Produkt. Kompetente Beratung, zuverl\u00e4ssige Ausf\u00fchrung, Flexibilit\u00e4t und ein hohes Ma\u00df an Know-How sind unsere St\u00e4rken \u2013 angefangen [&hellip;]<\/p>\n","protected":false},"author":1,"featured_media":0,"parent":0,"menu_order":0,"comment_status":"open","ping_status":"open","template":"page-templates\/front-page.php","meta":[],"yoast_head":"<!-- This site is optimized with the Yoast SEO plugin v19.14 - https:\/\/yoast.com\/wordpress\/plugins\/seo\/ -->\n<title>Home - BvR electronic<\/title>\n<meta name=\"robots\" content=\"index, follow, max-snippet:-1, max-image-preview:large, max-video-preview:-1\" \/>\n<link rel=\"canonical\" href=\"https:\/\/www.bvrelectronic.de\/\" \/>\n<meta property=\"og:locale\" content=\"de_DE\" \/>\n<meta property=\"og:type\" content=\"article\" \/>\n<meta property=\"og:title\" content=\"Home - BvR electronic\" \/>\n<meta property=\"og:description\" content=\"BvR electronic hei\u00dft Sie herzlich Willkommen Ihr Partner f\u00fcr komplette Elektronikdienstleistung Seit \u00fcber 25 Jahren bietet unser vielf\u00e4ltiges Angebot im Bereich Elektronikdienstleistung eine professionelle Betreuung und Full Service, von der ersten Idee bis zum wirtschaftlich und technologisch optimalen Produkt. Kompetente Beratung, zuverl\u00e4ssige Ausf\u00fchrung, Flexibilit\u00e4t und ein hohes Ma\u00df an Know-How sind unsere St\u00e4rken \u2013 angefangen [&hellip;]\" \/>\n<meta property=\"og:url\" content=\"https:\/\/www.bvrelectronic.de\/\" \/>\n<meta property=\"og:site_name\" content=\"BvR electronic\" \/>\n<meta property=\"article:modified_time\" content=\"2020-02-28T10:53:32+00:00\" \/>\n<meta name=\"twitter:label1\" content=\"Gesch\u00e4tzte Lesezeit\" \/>\n\t<meta name=\"twitter:data1\" content=\"1\u00a0Minute\" \/>\n<script type=\"application\/ld+json\" class=\"yoast-schema-graph\">{\"@context\":\"https:\/\/schema.org\",\"@graph\":[{\"@type\":\"WebPage\",\"@id\":\"https:\/\/www.bvrelectronic.de\/\",\"url\":\"https:\/\/www.bvrelectronic.de\/\",\"name\":\"Home - BvR electronic\",\"isPartOf\":{\"@id\":\"https:\/\/www.bvrelectronic.de\/#website\"},\"datePublished\":\"2015-01-09T10:31:05+00:00\",\"dateModified\":\"2020-02-28T10:53:32+00:00\",\"breadcrumb\":{\"@id\":\"https:\/\/www.bvrelectronic.de\/#breadcrumb\"},\"inLanguage\":\"de\",\"potentialAction\":[{\"@type\":\"ReadAction\",\"target\":[\"https:\/\/www.bvrelectronic.de\/\"]}]},{\"@type\":\"BreadcrumbList\",\"@id\":\"https:\/\/www.bvrelectronic.de\/#breadcrumb\",\"itemListElement\":[{\"@type\":\"ListItem\",\"position\":1,\"name\":\"Startseite\",\"item\":\"https:\/\/www.bvrelectronic.de\/\"},{\"@type\":\"ListItem\",\"position\":2,\"name\":\"Home\"}]},{\"@type\":\"WebSite\",\"@id\":\"https:\/\/www.bvrelectronic.de\/#website\",\"url\":\"https:\/\/www.bvrelectronic.de\/\",\"name\":\"BvR electronic\",\"description\":\"SMD\/THT Best\u00fcckung\",\"publisher\":{\"@id\":\"https:\/\/www.bvrelectronic.de\/#organization\"},\"potentialAction\":[{\"@type\":\"SearchAction\",\"target\":{\"@type\":\"EntryPoint\",\"urlTemplate\":\"https:\/\/www.bvrelectronic.de\/?s={search_term_string}\"},\"query-input\":\"required name=search_term_string\"}],\"inLanguage\":\"de\"},{\"@type\":\"Organization\",\"@id\":\"https:\/\/www.bvrelectronic.de\/#organization\",\"name\":\"BvR electronic GmbH\",\"url\":\"https:\/\/www.bvrelectronic.de\/\",\"logo\":{\"@type\":\"ImageObject\",\"inLanguage\":\"de\",\"@id\":\"https:\/\/www.bvrelectronic.de\/#\/schema\/logo\/image\/\",\"url\":\"https:\/\/www.bvrelectronic.de\/cms\/wp-content\/uploads\/BVR-logo-ISO-9001-2015.jpg\",\"contentUrl\":\"https:\/\/www.bvrelectronic.de\/cms\/wp-content\/uploads\/BVR-logo-ISO-9001-2015.jpg\",\"width\":1124,\"height\":632,\"caption\":\"BvR electronic GmbH\"},\"image\":{\"@id\":\"https:\/\/www.bvrelectronic.de\/#\/schema\/logo\/image\/\"}}]}<\/script>\n<!-- \/ Yoast SEO plugin. -->","yoast_head_json":{"title":"Home - BvR electronic","robots":{"index":"index","follow":"follow","max-snippet":"max-snippet:-1","max-image-preview":"max-image-preview:large","max-video-preview":"max-video-preview:-1"},"canonical":"https:\/\/www.bvrelectronic.de\/","og_locale":"de_DE","og_type":"article","og_title":"Home - BvR electronic","og_description":"BvR electronic hei\u00dft Sie herzlich Willkommen Ihr Partner f\u00fcr komplette Elektronikdienstleistung Seit \u00fcber 25 Jahren bietet unser vielf\u00e4ltiges Angebot im Bereich Elektronikdienstleistung eine professionelle Betreuung und Full Service, von der ersten Idee bis zum wirtschaftlich und technologisch optimalen Produkt. Kompetente Beratung, zuverl\u00e4ssige Ausf\u00fchrung, Flexibilit\u00e4t und ein hohes Ma\u00df an Know-How sind unsere St\u00e4rken \u2013 angefangen [&hellip;]","og_url":"https:\/\/www.bvrelectronic.de\/","og_site_name":"BvR electronic","article_modified_time":"2020-02-28T10:53:32+00:00","twitter_misc":{"Gesch\u00e4tzte Lesezeit":"1\u00a0Minute"},"schema":{"@context":"https:\/\/schema.org","@graph":[{"@type":"WebPage","@id":"https:\/\/www.bvrelectronic.de\/","url":"https:\/\/www.bvrelectronic.de\/","name":"Home - BvR electronic","isPartOf":{"@id":"https:\/\/www.bvrelectronic.de\/#website"},"datePublished":"2015-01-09T10:31:05+00:00","dateModified":"2020-02-28T10:53:32+00:00","breadcrumb":{"@id":"https:\/\/www.bvrelectronic.de\/#breadcrumb"},"inLanguage":"de","potentialAction":[{"@type":"ReadAction","target":["https:\/\/www.bvrelectronic.de\/"]}]},{"@type":"BreadcrumbList","@id":"https:\/\/www.bvrelectronic.de\/#breadcrumb","itemListElement":[{"@type":"ListItem","position":1,"name":"Startseite","item":"https:\/\/www.bvrelectronic.de\/"},{"@type":"ListItem","position":2,"name":"Home"}]},{"@type":"WebSite","@id":"https:\/\/www.bvrelectronic.de\/#website","url":"https:\/\/www.bvrelectronic.de\/","name":"BvR electronic","description":"SMD\/THT Best\u00fcckung","publisher":{"@id":"https:\/\/www.bvrelectronic.de\/#organization"},"potentialAction":[{"@type":"SearchAction","target":{"@type":"EntryPoint","urlTemplate":"https:\/\/www.bvrelectronic.de\/?s={search_term_string}"},"query-input":"required name=search_term_string"}],"inLanguage":"de"},{"@type":"Organization","@id":"https:\/\/www.bvrelectronic.de\/#organization","name":"BvR electronic GmbH","url":"https:\/\/www.bvrelectronic.de\/","logo":{"@type":"ImageObject","inLanguage":"de","@id":"https:\/\/www.bvrelectronic.de\/#\/schema\/logo\/image\/","url":"https:\/\/www.bvrelectronic.de\/cms\/wp-content\/uploads\/BVR-logo-ISO-9001-2015.jpg","contentUrl":"https:\/\/www.bvrelectronic.de\/cms\/wp-content\/uploads\/BVR-logo-ISO-9001-2015.jpg","width":1124,"height":632,"caption":"BvR electronic GmbH"},"image":{"@id":"https:\/\/www.bvrelectronic.de\/#\/schema\/logo\/image\/"}}]}},"_links":{"self":[{"href":"https:\/\/www.bvrelectronic.de\/index.php?rest_route=\/wp\/v2\/pages\/2"}],"collection":[{"href":"https:\/\/www.bvrelectronic.de\/index.php?rest_route=\/wp\/v2\/pages"}],"about":[{"href":"https:\/\/www.bvrelectronic.de\/index.php?rest_route=\/wp\/v2\/types\/page"}],"author":[{"embeddable":true,"href":"https:\/\/www.bvrelectronic.de\/index.php?rest_route=\/wp\/v2\/users\/1"}],"replies":[{"embeddable":true,"href":"https:\/\/www.bvrelectronic.de\/index.php?rest_route=%2Fwp%2Fv2%2Fcomments&post=2"}],"version-history":[{"count":25,"href":"https:\/\/www.bvrelectronic.de\/index.php?rest_route=\/wp\/v2\/pages\/2\/revisions"}],"predecessor-version":[{"id":803,"href":"https:\/\/www.bvrelectronic.de\/index.php?rest_route=\/wp\/v2\/pages\/2\/revisions\/803"}],"wp:attachment":[{"href":"https:\/\/www.bvrelectronic.de\/index.php?rest_route=%2Fwp%2Fv2%2Fmedia&parent=2"}],"curies":[{"name":"wp","href":"https:\/\/api.w.org\/{rel}","templated":true}]}}