{"id":53,"date":"2015-01-12T14:12:02","date_gmt":"2015-01-12T14:12:02","guid":{"rendered":"http:\/\/www.bvrelectronic.de\/cms\/?page_id=53"},"modified":"2015-02-09T18:25:00","modified_gmt":"2015-02-09T18:25:00","slug":"logistik","status":"publish","type":"page","link":"https:\/\/www.bvrelectronic.de\/?page_id=53","title":{"rendered":"Logistik"},"content":{"rendered":"<p>Eine unserer St\u00e4rken liegt im parallelen Einkauf f\u00fcr mehrere Produkte auf den nationalen und internationalen M\u00e4rkten.<\/p>\n<p>Ein breites Netzwerk zuverl\u00e4ssiger Lieferanten bietet uns die M\u00f6glichkeit, auch abgek\u00fcndigte und schwer verf\u00fcgbare Bauteile zu beschaffen. Wir stellen sicher, dass die Bauteile sowohl preiswert sind, als auch deren Verf\u00fcgbarkeit und die Qualit\u00e4t gew\u00e4hrleistet werden. Viele Artikel werden standardm\u00e4\u00dfig bevorratet, so dass kurze Durchlaufzeiten die Regel sind. Sie k\u00f6nnen auch Material beistellen. F\u00fcr unsere Materialwirtschaft ist eine ESD-gerechte Handhabung und sachgerechte Lagerung auch von kritischen Bauteilen selbstverst\u00e4ndlich.<\/p>\n<p>Die BvR electronic gew\u00e4hrleistet eine qualitativ hochwertige Verpackung mit allen\u00a0 geforderten Eigenschaften, wie z.B. antistatische Einweg- und Mehrwegverpackungen mit<br \/>\nR\u00fccknahme-Logistik u.v.m..<\/p>\n","protected":false},"excerpt":{"rendered":"<p>Eine unserer St\u00e4rken liegt im parallelen Einkauf f\u00fcr mehrere Produkte auf den nationalen und internationalen M\u00e4rkten. Ein breites Netzwerk zuverl\u00e4ssiger Lieferanten bietet uns die M\u00f6glichkeit, auch abgek\u00fcndigte und schwer verf\u00fcgbare Bauteile zu beschaffen. Wir stellen sicher, dass die Bauteile sowohl preiswert sind, als auch deren Verf\u00fcgbarkeit und die Qualit\u00e4t gew\u00e4hrleistet werden. Viele Artikel werden standardm\u00e4\u00dfig [&hellip;]<\/p>\n","protected":false},"author":1,"featured_media":176,"parent":22,"menu_order":1,"comment_status":"closed","ping_status":"closed","template":"","meta":[],"yoast_head":"<!-- This site is optimized with the Yoast SEO plugin v19.14 - https:\/\/yoast.com\/wordpress\/plugins\/seo\/ -->\n<title>Logistik - BvR electronic<\/title>\n<meta name=\"robots\" content=\"index, follow, max-snippet:-1, max-image-preview:large, max-video-preview:-1\" \/>\n<link rel=\"canonical\" href=\"https:\/\/www.bvrelectronic.de\/?page_id=53\" \/>\n<meta property=\"og:locale\" content=\"de_DE\" \/>\n<meta property=\"og:type\" content=\"article\" \/>\n<meta property=\"og:title\" content=\"Logistik - BvR electronic\" \/>\n<meta property=\"og:description\" content=\"Eine unserer St\u00e4rken liegt im parallelen Einkauf f\u00fcr mehrere Produkte auf den nationalen und internationalen M\u00e4rkten. Ein breites Netzwerk zuverl\u00e4ssiger Lieferanten bietet uns die M\u00f6glichkeit, auch abgek\u00fcndigte und schwer verf\u00fcgbare Bauteile zu beschaffen. Wir stellen sicher, dass die Bauteile sowohl preiswert sind, als auch deren Verf\u00fcgbarkeit und die Qualit\u00e4t gew\u00e4hrleistet werden. Viele Artikel werden standardm\u00e4\u00dfig [&hellip;]\" \/>\n<meta property=\"og:url\" content=\"https:\/\/www.bvrelectronic.de\/?page_id=53\" \/>\n<meta property=\"og:site_name\" content=\"BvR electronic\" \/>\n<meta property=\"article:modified_time\" content=\"2015-02-09T18:25:00+00:00\" \/>\n<meta property=\"og:image\" content=\"https:\/\/www.bvrelectronic.de\/cms\/wp-content\/uploads\/Logistik1.jpg\" \/>\n\t<meta property=\"og:image:width\" content=\"1688\" \/>\n\t<meta property=\"og:image:height\" content=\"726\" \/>\n\t<meta property=\"og:image:type\" content=\"image\/jpeg\" \/>\n<meta name=\"twitter:label1\" content=\"Gesch\u00e4tzte Lesezeit\" \/>\n\t<meta name=\"twitter:data1\" content=\"1\u00a0Minute\" \/>\n<script type=\"application\/ld+json\" class=\"yoast-schema-graph\">{\"@context\":\"https:\/\/schema.org\",\"@graph\":[{\"@type\":\"WebPage\",\"@id\":\"https:\/\/www.bvrelectronic.de\/?page_id=53\",\"url\":\"https:\/\/www.bvrelectronic.de\/?page_id=53\",\"name\":\"Logistik - BvR electronic\",\"isPartOf\":{\"@id\":\"https:\/\/www.bvrelectronic.de\/#website\"},\"datePublished\":\"2015-01-12T14:12:02+00:00\",\"dateModified\":\"2015-02-09T18:25:00+00:00\",\"breadcrumb\":{\"@id\":\"https:\/\/www.bvrelectronic.de\/?page_id=53#breadcrumb\"},\"inLanguage\":\"de\",\"potentialAction\":[{\"@type\":\"ReadAction\",\"target\":[\"https:\/\/www.bvrelectronic.de\/?page_id=53\"]}]},{\"@type\":\"BreadcrumbList\",\"@id\":\"https:\/\/www.bvrelectronic.de\/?page_id=53#breadcrumb\",\"itemListElement\":[{\"@type\":\"ListItem\",\"position\":1,\"name\":\"Startseite\",\"item\":\"https:\/\/www.bvrelectronic.de\/\"},{\"@type\":\"ListItem\",\"position\":2,\"name\":\"Dienstleistungen\",\"item\":\"https:\/\/www.bvrelectronic.de\/?page_id=22\"},{\"@type\":\"ListItem\",\"position\":3,\"name\":\"Logistik\"}]},{\"@type\":\"WebSite\",\"@id\":\"https:\/\/www.bvrelectronic.de\/#website\",\"url\":\"https:\/\/www.bvrelectronic.de\/\",\"name\":\"BvR electronic\",\"description\":\"SMD\/THT Best\u00fcckung\",\"publisher\":{\"@id\":\"https:\/\/www.bvrelectronic.de\/#organization\"},\"potentialAction\":[{\"@type\":\"SearchAction\",\"target\":{\"@type\":\"EntryPoint\",\"urlTemplate\":\"https:\/\/www.bvrelectronic.de\/?s={search_term_string}\"},\"query-input\":\"required name=search_term_string\"}],\"inLanguage\":\"de\"},{\"@type\":\"Organization\",\"@id\":\"https:\/\/www.bvrelectronic.de\/#organization\",\"name\":\"BvR electronic GmbH\",\"url\":\"https:\/\/www.bvrelectronic.de\/\",\"logo\":{\"@type\":\"ImageObject\",\"inLanguage\":\"de\",\"@id\":\"https:\/\/www.bvrelectronic.de\/#\/schema\/logo\/image\/\",\"url\":\"https:\/\/www.bvrelectronic.de\/cms\/wp-content\/uploads\/BVR-logo-ISO-9001-2015.jpg\",\"contentUrl\":\"https:\/\/www.bvrelectronic.de\/cms\/wp-content\/uploads\/BVR-logo-ISO-9001-2015.jpg\",\"width\":1124,\"height\":632,\"caption\":\"BvR electronic GmbH\"},\"image\":{\"@id\":\"https:\/\/www.bvrelectronic.de\/#\/schema\/logo\/image\/\"}}]}<\/script>\n<!-- \/ Yoast SEO plugin. -->","yoast_head_json":{"title":"Logistik - BvR electronic","robots":{"index":"index","follow":"follow","max-snippet":"max-snippet:-1","max-image-preview":"max-image-preview:large","max-video-preview":"max-video-preview:-1"},"canonical":"https:\/\/www.bvrelectronic.de\/?page_id=53","og_locale":"de_DE","og_type":"article","og_title":"Logistik - BvR electronic","og_description":"Eine unserer St\u00e4rken liegt im parallelen Einkauf f\u00fcr mehrere Produkte auf den nationalen und internationalen M\u00e4rkten. Ein breites Netzwerk zuverl\u00e4ssiger Lieferanten bietet uns die M\u00f6glichkeit, auch abgek\u00fcndigte und schwer verf\u00fcgbare Bauteile zu beschaffen. Wir stellen sicher, dass die Bauteile sowohl preiswert sind, als auch deren Verf\u00fcgbarkeit und die Qualit\u00e4t gew\u00e4hrleistet werden. Viele Artikel werden standardm\u00e4\u00dfig [&hellip;]","og_url":"https:\/\/www.bvrelectronic.de\/?page_id=53","og_site_name":"BvR electronic","article_modified_time":"2015-02-09T18:25:00+00:00","og_image":[{"width":1688,"height":726,"url":"https:\/\/www.bvrelectronic.de\/cms\/wp-content\/uploads\/Logistik1.jpg","type":"image\/jpeg"}],"twitter_misc":{"Gesch\u00e4tzte Lesezeit":"1\u00a0Minute"},"schema":{"@context":"https:\/\/schema.org","@graph":[{"@type":"WebPage","@id":"https:\/\/www.bvrelectronic.de\/?page_id=53","url":"https:\/\/www.bvrelectronic.de\/?page_id=53","name":"Logistik - BvR electronic","isPartOf":{"@id":"https:\/\/www.bvrelectronic.de\/#website"},"datePublished":"2015-01-12T14:12:02+00:00","dateModified":"2015-02-09T18:25:00+00:00","breadcrumb":{"@id":"https:\/\/www.bvrelectronic.de\/?page_id=53#breadcrumb"},"inLanguage":"de","potentialAction":[{"@type":"ReadAction","target":["https:\/\/www.bvrelectronic.de\/?page_id=53"]}]},{"@type":"BreadcrumbList","@id":"https:\/\/www.bvrelectronic.de\/?page_id=53#breadcrumb","itemListElement":[{"@type":"ListItem","position":1,"name":"Startseite","item":"https:\/\/www.bvrelectronic.de\/"},{"@type":"ListItem","position":2,"name":"Dienstleistungen","item":"https:\/\/www.bvrelectronic.de\/?page_id=22"},{"@type":"ListItem","position":3,"name":"Logistik"}]},{"@type":"WebSite","@id":"https:\/\/www.bvrelectronic.de\/#website","url":"https:\/\/www.bvrelectronic.de\/","name":"BvR electronic","description":"SMD\/THT Best\u00fcckung","publisher":{"@id":"https:\/\/www.bvrelectronic.de\/#organization"},"potentialAction":[{"@type":"SearchAction","target":{"@type":"EntryPoint","urlTemplate":"https:\/\/www.bvrelectronic.de\/?s={search_term_string}"},"query-input":"required name=search_term_string"}],"inLanguage":"de"},{"@type":"Organization","@id":"https:\/\/www.bvrelectronic.de\/#organization","name":"BvR electronic GmbH","url":"https:\/\/www.bvrelectronic.de\/","logo":{"@type":"ImageObject","inLanguage":"de","@id":"https:\/\/www.bvrelectronic.de\/#\/schema\/logo\/image\/","url":"https:\/\/www.bvrelectronic.de\/cms\/wp-content\/uploads\/BVR-logo-ISO-9001-2015.jpg","contentUrl":"https:\/\/www.bvrelectronic.de\/cms\/wp-content\/uploads\/BVR-logo-ISO-9001-2015.jpg","width":1124,"height":632,"caption":"BvR electronic GmbH"},"image":{"@id":"https:\/\/www.bvrelectronic.de\/#\/schema\/logo\/image\/"}}]}},"_links":{"self":[{"href":"https:\/\/www.bvrelectronic.de\/index.php?rest_route=\/wp\/v2\/pages\/53"}],"collection":[{"href":"https:\/\/www.bvrelectronic.de\/index.php?rest_route=\/wp\/v2\/pages"}],"about":[{"href":"https:\/\/www.bvrelectronic.de\/index.php?rest_route=\/wp\/v2\/types\/page"}],"author":[{"embeddable":true,"href":"https:\/\/www.bvrelectronic.de\/index.php?rest_route=\/wp\/v2\/users\/1"}],"replies":[{"embeddable":true,"href":"https:\/\/www.bvrelectronic.de\/index.php?rest_route=%2Fwp%2Fv2%2Fcomments&post=53"}],"version-history":[{"count":7,"href":"https:\/\/www.bvrelectronic.de\/index.php?rest_route=\/wp\/v2\/pages\/53\/revisions"}],"predecessor-version":[{"id":630,"href":"https:\/\/www.bvrelectronic.de\/index.php?rest_route=\/wp\/v2\/pages\/53\/revisions\/630"}],"up":[{"embeddable":true,"href":"https:\/\/www.bvrelectronic.de\/index.php?rest_route=\/wp\/v2\/pages\/22"}],"wp:featuredmedia":[{"embeddable":true,"href":"https:\/\/www.bvrelectronic.de\/index.php?rest_route=\/wp\/v2\/media\/176"}],"wp:attachment":[{"href":"https:\/\/www.bvrelectronic.de\/index.php?rest_route=%2Fwp%2Fv2%2Fmedia&parent=53"}],"curies":[{"name":"wp","href":"https:\/\/api.w.org\/{rel}","templated":true}]}}