{"id":65,"date":"2015-01-12T14:20:48","date_gmt":"2015-01-12T14:20:48","guid":{"rendered":"http:\/\/www.bvrelectronic.de\/cms\/?page_id=65"},"modified":"2015-02-09T18:20:03","modified_gmt":"2015-02-09T18:20:03","slug":"firmenphilosophie","status":"publish","type":"page","link":"https:\/\/www.bvrelectronic.de\/?page_id=65","title":{"rendered":"Firmenphilosophie"},"content":{"rendered":"<p><img decoding=\"async\" loading=\"lazy\" class=\"aligncenter size-full wp-image-306\" src=\"http:\/\/www.bvrelectronic.de\/cms\/wp-content\/uploads\/viereck_text.gif\" alt=\"viereck_text\" width=\"265\" height=\"115\" \/><br \/>\n<span style=\"color: #333333;\">In der zunehmend wettbewerbsorientierten Wirtschaft spielen Qualit\u00e4t und Kosten bei der Herstellung von technischen Produkten auf den nationalen und internationalen M\u00e4rkten eine immer bedeutender werdende Rolle. Hohe fachliche Kompetenz auf diesen Gebieten ist das Gebot der Stunde. Aber aufgrund steigender Kosten wird es f\u00fcr viele Unternehmen wirtschaftlich unm\u00f6glich, alle Produktionsschritte selbst durchzuf\u00fchren. Spezialisierung ist hier der vern\u00fcnftige Weg.<\/span><\/p>\n<p><span style=\"color: #333333;\">Die BvR electronic hat es sich zur Kernaufgabe gemacht, komplette Elektronikdienstleistung in Industriequalit\u00e4t, zu wettbewerbsf\u00e4higen Preisen und kurzen Lieferzeiten anzubieten. Unsere erfahrenen Mitarbeiter bringen ihr ganzes geb\u00fcndeltes Know-How aus der Elektronik, von der Lastenhefterstellung \u00fcber die Entwicklung, die Beschaffung, die Produktion, bis zum Versand mit ein. Innovativ und kompetent leisten wir gerne einen Beitrag zur L\u00f6sung Ihrer Probleme. Wir setzen Ihre W\u00fcnsche kostenbewusst um.<\/span><\/p>\n<p><span style=\"color: #333333;\">F\u00fcr uns ist Qualit\u00e4t nicht nur ein Lippenbekenntnis, sondern unsere Philosophie. Deshalb sind wir seit Februar 1997 auch nach DIN ISO 9001 zertifiziert. In der Fertigung arbeiten wir mit den modernsten Arbeitsmitteln und s\u00e4mtliche Arbeitspl\u00e4tze sind antistatisch ausger\u00fcstet.<\/span><\/p>\n<p><span style=\"color: #333333;\">Mit der konsequenten Durchf\u00fchrung unserer Qualit\u00e4tsrichtlinien tragen wir zum Erfolg der Produkte unserer Kunden bei.<\/span><\/p>\n","protected":false},"excerpt":{"rendered":"<p>In der zunehmend wettbewerbsorientierten Wirtschaft spielen Qualit\u00e4t und Kosten bei der Herstellung von technischen Produkten auf den nationalen und internationalen M\u00e4rkten eine immer bedeutender werdende Rolle. Hohe fachliche Kompetenz auf diesen Gebieten ist das Gebot der Stunde. Aber aufgrund steigender Kosten wird es f\u00fcr viele Unternehmen wirtschaftlich unm\u00f6glich, alle Produktionsschritte selbst durchzuf\u00fchren. Spezialisierung ist hier [&hellip;]<\/p>\n","protected":false},"author":1,"featured_media":0,"parent":26,"menu_order":0,"comment_status":"open","ping_status":"open","template":"page-templates\/full-width.php","meta":[],"yoast_head":"<!-- This site is optimized with the Yoast SEO plugin v19.14 - https:\/\/yoast.com\/wordpress\/plugins\/seo\/ -->\n<title>Firmenphilosophie - BvR electronic<\/title>\n<meta name=\"robots\" content=\"index, follow, max-snippet:-1, max-image-preview:large, max-video-preview:-1\" \/>\n<link rel=\"canonical\" href=\"https:\/\/www.bvrelectronic.de\/?page_id=65\" \/>\n<meta property=\"og:locale\" content=\"de_DE\" \/>\n<meta property=\"og:type\" content=\"article\" \/>\n<meta property=\"og:title\" content=\"Firmenphilosophie - BvR electronic\" \/>\n<meta property=\"og:description\" content=\"In der zunehmend wettbewerbsorientierten Wirtschaft spielen Qualit\u00e4t und Kosten bei der Herstellung von technischen Produkten auf den nationalen und internationalen M\u00e4rkten eine immer bedeutender werdende Rolle. Hohe fachliche Kompetenz auf diesen Gebieten ist das Gebot der Stunde. Aber aufgrund steigender Kosten wird es f\u00fcr viele Unternehmen wirtschaftlich unm\u00f6glich, alle Produktionsschritte selbst durchzuf\u00fchren. Spezialisierung ist hier [&hellip;]\" \/>\n<meta property=\"og:url\" content=\"https:\/\/www.bvrelectronic.de\/?page_id=65\" \/>\n<meta property=\"og:site_name\" content=\"BvR electronic\" \/>\n<meta property=\"article:modified_time\" content=\"2015-02-09T18:20:03+00:00\" \/>\n<meta property=\"og:image\" content=\"http:\/\/www.bvrelectronic.de\/cms\/wp-content\/uploads\/viereck_text.gif\" \/>\n<meta name=\"twitter:label1\" content=\"Gesch\u00e4tzte Lesezeit\" \/>\n\t<meta name=\"twitter:data1\" content=\"1\u00a0Minute\" \/>\n<script type=\"application\/ld+json\" class=\"yoast-schema-graph\">{\"@context\":\"https:\/\/schema.org\",\"@graph\":[{\"@type\":\"WebPage\",\"@id\":\"https:\/\/www.bvrelectronic.de\/?page_id=65\",\"url\":\"https:\/\/www.bvrelectronic.de\/?page_id=65\",\"name\":\"Firmenphilosophie - BvR electronic\",\"isPartOf\":{\"@id\":\"https:\/\/www.bvrelectronic.de\/#website\"},\"datePublished\":\"2015-01-12T14:20:48+00:00\",\"dateModified\":\"2015-02-09T18:20:03+00:00\",\"breadcrumb\":{\"@id\":\"https:\/\/www.bvrelectronic.de\/?page_id=65#breadcrumb\"},\"inLanguage\":\"de\",\"potentialAction\":[{\"@type\":\"ReadAction\",\"target\":[\"https:\/\/www.bvrelectronic.de\/?page_id=65\"]}]},{\"@type\":\"BreadcrumbList\",\"@id\":\"https:\/\/www.bvrelectronic.de\/?page_id=65#breadcrumb\",\"itemListElement\":[{\"@type\":\"ListItem\",\"position\":1,\"name\":\"Startseite\",\"item\":\"https:\/\/www.bvrelectronic.de\/\"},{\"@type\":\"ListItem\",\"position\":2,\"name\":\"Unternehmen\",\"item\":\"https:\/\/www.bvrelectronic.de\/?page_id=26\"},{\"@type\":\"ListItem\",\"position\":3,\"name\":\"Firmenphilosophie\"}]},{\"@type\":\"WebSite\",\"@id\":\"https:\/\/www.bvrelectronic.de\/#website\",\"url\":\"https:\/\/www.bvrelectronic.de\/\",\"name\":\"BvR electronic\",\"description\":\"SMD\/THT Best\u00fcckung\",\"publisher\":{\"@id\":\"https:\/\/www.bvrelectronic.de\/#organization\"},\"potentialAction\":[{\"@type\":\"SearchAction\",\"target\":{\"@type\":\"EntryPoint\",\"urlTemplate\":\"https:\/\/www.bvrelectronic.de\/?s={search_term_string}\"},\"query-input\":\"required name=search_term_string\"}],\"inLanguage\":\"de\"},{\"@type\":\"Organization\",\"@id\":\"https:\/\/www.bvrelectronic.de\/#organization\",\"name\":\"BvR electronic GmbH\",\"url\":\"https:\/\/www.bvrelectronic.de\/\",\"logo\":{\"@type\":\"ImageObject\",\"inLanguage\":\"de\",\"@id\":\"https:\/\/www.bvrelectronic.de\/#\/schema\/logo\/image\/\",\"url\":\"https:\/\/www.bvrelectronic.de\/cms\/wp-content\/uploads\/BVR-logo-ISO-9001-2015.jpg\",\"contentUrl\":\"https:\/\/www.bvrelectronic.de\/cms\/wp-content\/uploads\/BVR-logo-ISO-9001-2015.jpg\",\"width\":1124,\"height\":632,\"caption\":\"BvR electronic GmbH\"},\"image\":{\"@id\":\"https:\/\/www.bvrelectronic.de\/#\/schema\/logo\/image\/\"}}]}<\/script>\n<!-- \/ Yoast SEO plugin. -->","yoast_head_json":{"title":"Firmenphilosophie - BvR electronic","robots":{"index":"index","follow":"follow","max-snippet":"max-snippet:-1","max-image-preview":"max-image-preview:large","max-video-preview":"max-video-preview:-1"},"canonical":"https:\/\/www.bvrelectronic.de\/?page_id=65","og_locale":"de_DE","og_type":"article","og_title":"Firmenphilosophie - BvR electronic","og_description":"In der zunehmend wettbewerbsorientierten Wirtschaft spielen Qualit\u00e4t und Kosten bei der Herstellung von technischen Produkten auf den nationalen und internationalen M\u00e4rkten eine immer bedeutender werdende Rolle. Hohe fachliche Kompetenz auf diesen Gebieten ist das Gebot der Stunde. Aber aufgrund steigender Kosten wird es f\u00fcr viele Unternehmen wirtschaftlich unm\u00f6glich, alle Produktionsschritte selbst durchzuf\u00fchren. Spezialisierung ist hier [&hellip;]","og_url":"https:\/\/www.bvrelectronic.de\/?page_id=65","og_site_name":"BvR electronic","article_modified_time":"2015-02-09T18:20:03+00:00","og_image":[{"url":"http:\/\/www.bvrelectronic.de\/cms\/wp-content\/uploads\/viereck_text.gif"}],"twitter_misc":{"Gesch\u00e4tzte Lesezeit":"1\u00a0Minute"},"schema":{"@context":"https:\/\/schema.org","@graph":[{"@type":"WebPage","@id":"https:\/\/www.bvrelectronic.de\/?page_id=65","url":"https:\/\/www.bvrelectronic.de\/?page_id=65","name":"Firmenphilosophie - BvR electronic","isPartOf":{"@id":"https:\/\/www.bvrelectronic.de\/#website"},"datePublished":"2015-01-12T14:20:48+00:00","dateModified":"2015-02-09T18:20:03+00:00","breadcrumb":{"@id":"https:\/\/www.bvrelectronic.de\/?page_id=65#breadcrumb"},"inLanguage":"de","potentialAction":[{"@type":"ReadAction","target":["https:\/\/www.bvrelectronic.de\/?page_id=65"]}]},{"@type":"BreadcrumbList","@id":"https:\/\/www.bvrelectronic.de\/?page_id=65#breadcrumb","itemListElement":[{"@type":"ListItem","position":1,"name":"Startseite","item":"https:\/\/www.bvrelectronic.de\/"},{"@type":"ListItem","position":2,"name":"Unternehmen","item":"https:\/\/www.bvrelectronic.de\/?page_id=26"},{"@type":"ListItem","position":3,"name":"Firmenphilosophie"}]},{"@type":"WebSite","@id":"https:\/\/www.bvrelectronic.de\/#website","url":"https:\/\/www.bvrelectronic.de\/","name":"BvR electronic","description":"SMD\/THT Best\u00fcckung","publisher":{"@id":"https:\/\/www.bvrelectronic.de\/#organization"},"potentialAction":[{"@type":"SearchAction","target":{"@type":"EntryPoint","urlTemplate":"https:\/\/www.bvrelectronic.de\/?s={search_term_string}"},"query-input":"required name=search_term_string"}],"inLanguage":"de"},{"@type":"Organization","@id":"https:\/\/www.bvrelectronic.de\/#organization","name":"BvR electronic GmbH","url":"https:\/\/www.bvrelectronic.de\/","logo":{"@type":"ImageObject","inLanguage":"de","@id":"https:\/\/www.bvrelectronic.de\/#\/schema\/logo\/image\/","url":"https:\/\/www.bvrelectronic.de\/cms\/wp-content\/uploads\/BVR-logo-ISO-9001-2015.jpg","contentUrl":"https:\/\/www.bvrelectronic.de\/cms\/wp-content\/uploads\/BVR-logo-ISO-9001-2015.jpg","width":1124,"height":632,"caption":"BvR electronic GmbH"},"image":{"@id":"https:\/\/www.bvrelectronic.de\/#\/schema\/logo\/image\/"}}]}},"_links":{"self":[{"href":"https:\/\/www.bvrelectronic.de\/index.php?rest_route=\/wp\/v2\/pages\/65"}],"collection":[{"href":"https:\/\/www.bvrelectronic.de\/index.php?rest_route=\/wp\/v2\/pages"}],"about":[{"href":"https:\/\/www.bvrelectronic.de\/index.php?rest_route=\/wp\/v2\/types\/page"}],"author":[{"embeddable":true,"href":"https:\/\/www.bvrelectronic.de\/index.php?rest_route=\/wp\/v2\/users\/1"}],"replies":[{"embeddable":true,"href":"https:\/\/www.bvrelectronic.de\/index.php?rest_route=%2Fwp%2Fv2%2Fcomments&post=65"}],"version-history":[{"count":18,"href":"https:\/\/www.bvrelectronic.de\/index.php?rest_route=\/wp\/v2\/pages\/65\/revisions"}],"predecessor-version":[{"id":625,"href":"https:\/\/www.bvrelectronic.de\/index.php?rest_route=\/wp\/v2\/pages\/65\/revisions\/625"}],"up":[{"embeddable":true,"href":"https:\/\/www.bvrelectronic.de\/index.php?rest_route=\/wp\/v2\/pages\/26"}],"wp:attachment":[{"href":"https:\/\/www.bvrelectronic.de\/index.php?rest_route=%2Fwp%2Fv2%2Fmedia&parent=65"}],"curies":[{"name":"wp","href":"https:\/\/api.w.org\/{rel}","templated":true}]}}