{"id":71,"date":"2017-08-20T13:44:56","date_gmt":"2017-08-20T13:44:56","guid":{"rendered":"http:\/\/www.bvrelectronic.de\/cms\/?page_id=71"},"modified":"2023-02-24T06:59:52","modified_gmt":"2023-02-24T06:59:52","slug":"fertigung-montage","status":"publish","type":"page","link":"https:\/\/www.bvrelectronic.de\/?page_id=71","title":{"rendered":"Fertigung \/ Montage"},"content":{"rendered":"<p>Diese Dienstleistungskomponente beinhaltet die Best\u00fcckung von Leiterplatten und Baugruppen in SMD sowie in konventioneller Technik. Wir sind in der Lage, Baugruppen sowohl ROHS konform als auch in verbleiter Technologie zu produzieren. Die entsprechende Lagerhaltung ist f\u00fcr uns selbstverst\u00e4ndlich.<\/p>\n<p>Unsere SMD-Fertigung umfasst die ein- und doppelseitige Best\u00fcckung von Leiterplatten in starrer oder Starr-Flex Technologie, reflow-, dampfphasen- und\/oder wellengel\u00f6tet. Die SMD- Anlagen best\u00fccken ein Bauteilespektrum von 0201 Chips bis QFPs mit einer Kantenl\u00e4nge von 50*50 mm und einem Pitch von bis zu min. 0,3mm. Des weiteren verarbeiten wir BGAs, FBGAs, \u00b5BGAs, CSPs ebenfalls mit einem Pitch von bis zu min. 0,3mm. F\u00fcr High-Mix Baugruppen steht uns eine Dampfphasenl\u00f6tanlage, bef\u00fcllt mit 230\u00b0C Galden Medium zur Verf\u00fcgung. S\u00e4mtliche Reflow- L\u00f6tvorg\u00e4nge werden bei uns im Hause sorgf\u00e4ltig profiliert, um eine schonende Verarbeitung der Baugruppen sicher zu stellen und den thermischen Stress so gering wie m\u00f6glich zu halten.<\/p>\n<h2>Technische Daten aus der Produktion und dem Inventar (Auszug)<\/h2>\n<p><strong>Mitarbeiter in der Baugruppenfertigung:<\/strong> 15<\/p>\n<p><strong>Verschiedene gefertigte Produktgruppen p.a.:<\/strong> 700<\/p>\n<p><strong>Verschiedene verarbeitete Bauelemente:<\/strong> 20.000<\/p>\n<p><strong>Komponenten:<\/strong><br \/>\n\u00b5BGA, TSOP, 0201 bis QFP 50 x 50 mm, 0,3 mm Pitch, BQFP, CSP, SOLIC<\/p>\n<p><strong>Maximale Leiterplattengr\u00f6\u00dfe:<\/strong><br \/>\nTHT 460 x 330 mm, SMD 510 x 360 mm<\/p>\n<p><strong>Kapazit\u00e4t im Monat:<\/strong><br \/>\n1,0 Mio. bedrahtete, 12,0 Mio. SMD-Bauteile<\/p>\n<p><strong>Materialvorbereitung:<\/strong><br \/>\nDiverse Schneid- und Biegeautomaten zur Aufbereitung axialer, radialer sowie gesickter Bauteile<\/p>\n<p><strong>SMT:<\/strong><br \/>\nDispenser &#8211; Factronix MD40VS<br \/>\nPastendrucker &#8211; Dek Horizon03i mit 2D+ Vision System,<br \/>\nPastendrucker &#8211; JUKI GKG G-Titan<\/p>\n<p>SMD Automaten &#8211; Marke Juki:<br \/>\nLinie 1: KE-3010AL, KE-3020VAL<br \/>\nLinie 2: KE2050RL, KE2060RL<\/p>\n<p>Reflow-L\u00f6ten:<br \/>\nKonvektionsofen Marke SMT 1.7 TC<br \/>\nDampfphase Asscon VP1000-66<\/p>\n<p><strong>THT:<\/strong><br \/>\n1 Semiautomatischer Best\u00fccktisch Marke Royonic<br \/>\n1 ATF 33 Doppelwellenl\u00f6tanlage f\u00fcr bleifreie Anwendungen<br \/>\n6 Montagearbeitspl\u00e4tze<\/p>\n<p><strong>Baugruppen Waschanlage:<br \/>\n<\/strong>1 Kolb PSE LH5<\/p>\n<p><strong>Optische Kontrolle:<\/strong><br \/>\n1 Objekt Comperator<br \/>\n1 Mikroskop Vision Mantis<br \/>\n1 Mikroskop Vision Lynx<br \/>\n1 AOI System PARMI Xceed Large<\/p>\n<p><strong>Pr\u00fcfger\u00e4te:<\/strong><br \/>\nReinhardt ICT\/FT Tester, MFT500 und KMFT670<br \/>\n1 Burn-In-Temperaturschrank<br \/>\nverschiedene Programmiersysteme f\u00fcr Logik-Bausteine<br \/>\nPr\u00fcf- und Reparaturpl\u00e4tze &#8211; ausger\u00fcstet mit Netzteilen<br \/>\nOszilloskopen, Funktionsgeneratoren, Testrechnern etc.<\/p>\n<p><strong>Lager:<\/strong><br \/>\n3 Trockenlagerschr\u00e4nke f. Feuchtigkeitsempfindliche Bauteile (Luftfeuchtigkeit unter 2% rel.)<\/p>\n<p>Alle Pr\u00fcf- und Messmittel werden regelm\u00e4\u00dfig kalibriert.<\/p>\n","protected":false},"excerpt":{"rendered":"<p>Diese Dienstleistungskomponente beinhaltet die Best\u00fcckung von Leiterplatten und Baugruppen in SMD sowie in konventioneller Technik. Wir sind in der Lage, Baugruppen sowohl ROHS konform als auch in verbleiter Technologie zu produzieren. Die entsprechende Lagerhaltung ist f\u00fcr uns selbstverst\u00e4ndlich. Unsere SMD-Fertigung umfasst die ein- und doppelseitige Best\u00fcckung von Leiterplatten in starrer oder Starr-Flex Technologie, reflow-, dampfphasen- [&hellip;]<\/p>\n","protected":false},"author":1,"featured_media":186,"parent":22,"menu_order":2,"comment_status":"closed","ping_status":"closed","template":"","meta":[],"yoast_head":"<!-- This site is optimized with the Yoast SEO plugin v19.14 - https:\/\/yoast.com\/wordpress\/plugins\/seo\/ -->\n<title>Fertigung \/ Montage - BvR electronic<\/title>\n<meta name=\"robots\" content=\"index, follow, max-snippet:-1, max-image-preview:large, max-video-preview:-1\" \/>\n<link rel=\"canonical\" href=\"https:\/\/www.bvrelectronic.de\/?page_id=71\" \/>\n<meta property=\"og:locale\" content=\"de_DE\" \/>\n<meta property=\"og:type\" content=\"article\" \/>\n<meta property=\"og:title\" content=\"Fertigung \/ Montage - BvR electronic\" \/>\n<meta property=\"og:description\" content=\"Diese Dienstleistungskomponente beinhaltet die Best\u00fcckung von Leiterplatten und Baugruppen in SMD sowie in konventioneller Technik. Wir sind in der Lage, Baugruppen sowohl ROHS konform als auch in verbleiter Technologie zu produzieren. Die entsprechende Lagerhaltung ist f\u00fcr uns selbstverst\u00e4ndlich. Unsere SMD-Fertigung umfasst die ein- und doppelseitige Best\u00fcckung von Leiterplatten in starrer oder Starr-Flex Technologie, reflow-, dampfphasen- [&hellip;]\" \/>\n<meta property=\"og:url\" content=\"https:\/\/www.bvrelectronic.de\/?page_id=71\" \/>\n<meta property=\"og:site_name\" content=\"BvR electronic\" \/>\n<meta property=\"article:modified_time\" content=\"2023-02-24T06:59:52+00:00\" \/>\n<meta property=\"og:image\" content=\"https:\/\/www.bvrelectronic.de\/cms\/wp-content\/uploads\/Maschine.jpg\" \/>\n\t<meta property=\"og:image:width\" content=\"889\" \/>\n\t<meta property=\"og:image:height\" content=\"382\" \/>\n\t<meta property=\"og:image:type\" content=\"image\/jpeg\" \/>\n<meta name=\"twitter:label1\" content=\"Gesch\u00e4tzte Lesezeit\" \/>\n\t<meta name=\"twitter:data1\" content=\"2\u00a0Minuten\" \/>\n<script type=\"application\/ld+json\" class=\"yoast-schema-graph\">{\"@context\":\"https:\/\/schema.org\",\"@graph\":[{\"@type\":\"WebPage\",\"@id\":\"https:\/\/www.bvrelectronic.de\/?page_id=71\",\"url\":\"https:\/\/www.bvrelectronic.de\/?page_id=71\",\"name\":\"Fertigung \/ Montage - BvR electronic\",\"isPartOf\":{\"@id\":\"https:\/\/www.bvrelectronic.de\/#website\"},\"datePublished\":\"2017-08-20T13:44:56+00:00\",\"dateModified\":\"2023-02-24T06:59:52+00:00\",\"breadcrumb\":{\"@id\":\"https:\/\/www.bvrelectronic.de\/?page_id=71#breadcrumb\"},\"inLanguage\":\"de\",\"potentialAction\":[{\"@type\":\"ReadAction\",\"target\":[\"https:\/\/www.bvrelectronic.de\/?page_id=71\"]}]},{\"@type\":\"BreadcrumbList\",\"@id\":\"https:\/\/www.bvrelectronic.de\/?page_id=71#breadcrumb\",\"itemListElement\":[{\"@type\":\"ListItem\",\"position\":1,\"name\":\"Startseite\",\"item\":\"https:\/\/www.bvrelectronic.de\/\"},{\"@type\":\"ListItem\",\"position\":2,\"name\":\"Dienstleistungen\",\"item\":\"https:\/\/www.bvrelectronic.de\/?page_id=22\"},{\"@type\":\"ListItem\",\"position\":3,\"name\":\"Fertigung \/ Montage\"}]},{\"@type\":\"WebSite\",\"@id\":\"https:\/\/www.bvrelectronic.de\/#website\",\"url\":\"https:\/\/www.bvrelectronic.de\/\",\"name\":\"BvR electronic\",\"description\":\"SMD\/THT Best\u00fcckung\",\"publisher\":{\"@id\":\"https:\/\/www.bvrelectronic.de\/#organization\"},\"potentialAction\":[{\"@type\":\"SearchAction\",\"target\":{\"@type\":\"EntryPoint\",\"urlTemplate\":\"https:\/\/www.bvrelectronic.de\/?s={search_term_string}\"},\"query-input\":\"required name=search_term_string\"}],\"inLanguage\":\"de\"},{\"@type\":\"Organization\",\"@id\":\"https:\/\/www.bvrelectronic.de\/#organization\",\"name\":\"BvR electronic GmbH\",\"url\":\"https:\/\/www.bvrelectronic.de\/\",\"logo\":{\"@type\":\"ImageObject\",\"inLanguage\":\"de\",\"@id\":\"https:\/\/www.bvrelectronic.de\/#\/schema\/logo\/image\/\",\"url\":\"https:\/\/www.bvrelectronic.de\/cms\/wp-content\/uploads\/BVR-logo-ISO-9001-2015.jpg\",\"contentUrl\":\"https:\/\/www.bvrelectronic.de\/cms\/wp-content\/uploads\/BVR-logo-ISO-9001-2015.jpg\",\"width\":1124,\"height\":632,\"caption\":\"BvR electronic GmbH\"},\"image\":{\"@id\":\"https:\/\/www.bvrelectronic.de\/#\/schema\/logo\/image\/\"}}]}<\/script>\n<!-- \/ Yoast SEO plugin. -->","yoast_head_json":{"title":"Fertigung \/ Montage - BvR electronic","robots":{"index":"index","follow":"follow","max-snippet":"max-snippet:-1","max-image-preview":"max-image-preview:large","max-video-preview":"max-video-preview:-1"},"canonical":"https:\/\/www.bvrelectronic.de\/?page_id=71","og_locale":"de_DE","og_type":"article","og_title":"Fertigung \/ Montage - BvR electronic","og_description":"Diese Dienstleistungskomponente beinhaltet die Best\u00fcckung von Leiterplatten und Baugruppen in SMD sowie in konventioneller Technik. Wir sind in der Lage, Baugruppen sowohl ROHS konform als auch in verbleiter Technologie zu produzieren. Die entsprechende Lagerhaltung ist f\u00fcr uns selbstverst\u00e4ndlich. Unsere SMD-Fertigung umfasst die ein- und doppelseitige Best\u00fcckung von Leiterplatten in starrer oder Starr-Flex Technologie, reflow-, dampfphasen- [&hellip;]","og_url":"https:\/\/www.bvrelectronic.de\/?page_id=71","og_site_name":"BvR electronic","article_modified_time":"2023-02-24T06:59:52+00:00","og_image":[{"width":889,"height":382,"url":"https:\/\/www.bvrelectronic.de\/cms\/wp-content\/uploads\/Maschine.jpg","type":"image\/jpeg"}],"twitter_misc":{"Gesch\u00e4tzte Lesezeit":"2\u00a0Minuten"},"schema":{"@context":"https:\/\/schema.org","@graph":[{"@type":"WebPage","@id":"https:\/\/www.bvrelectronic.de\/?page_id=71","url":"https:\/\/www.bvrelectronic.de\/?page_id=71","name":"Fertigung \/ Montage - BvR electronic","isPartOf":{"@id":"https:\/\/www.bvrelectronic.de\/#website"},"datePublished":"2017-08-20T13:44:56+00:00","dateModified":"2023-02-24T06:59:52+00:00","breadcrumb":{"@id":"https:\/\/www.bvrelectronic.de\/?page_id=71#breadcrumb"},"inLanguage":"de","potentialAction":[{"@type":"ReadAction","target":["https:\/\/www.bvrelectronic.de\/?page_id=71"]}]},{"@type":"BreadcrumbList","@id":"https:\/\/www.bvrelectronic.de\/?page_id=71#breadcrumb","itemListElement":[{"@type":"ListItem","position":1,"name":"Startseite","item":"https:\/\/www.bvrelectronic.de\/"},{"@type":"ListItem","position":2,"name":"Dienstleistungen","item":"https:\/\/www.bvrelectronic.de\/?page_id=22"},{"@type":"ListItem","position":3,"name":"Fertigung \/ Montage"}]},{"@type":"WebSite","@id":"https:\/\/www.bvrelectronic.de\/#website","url":"https:\/\/www.bvrelectronic.de\/","name":"BvR electronic","description":"SMD\/THT Best\u00fcckung","publisher":{"@id":"https:\/\/www.bvrelectronic.de\/#organization"},"potentialAction":[{"@type":"SearchAction","target":{"@type":"EntryPoint","urlTemplate":"https:\/\/www.bvrelectronic.de\/?s={search_term_string}"},"query-input":"required name=search_term_string"}],"inLanguage":"de"},{"@type":"Organization","@id":"https:\/\/www.bvrelectronic.de\/#organization","name":"BvR electronic GmbH","url":"https:\/\/www.bvrelectronic.de\/","logo":{"@type":"ImageObject","inLanguage":"de","@id":"https:\/\/www.bvrelectronic.de\/#\/schema\/logo\/image\/","url":"https:\/\/www.bvrelectronic.de\/cms\/wp-content\/uploads\/BVR-logo-ISO-9001-2015.jpg","contentUrl":"https:\/\/www.bvrelectronic.de\/cms\/wp-content\/uploads\/BVR-logo-ISO-9001-2015.jpg","width":1124,"height":632,"caption":"BvR electronic GmbH"},"image":{"@id":"https:\/\/www.bvrelectronic.de\/#\/schema\/logo\/image\/"}}]}},"_links":{"self":[{"href":"https:\/\/www.bvrelectronic.de\/index.php?rest_route=\/wp\/v2\/pages\/71"}],"collection":[{"href":"https:\/\/www.bvrelectronic.de\/index.php?rest_route=\/wp\/v2\/pages"}],"about":[{"href":"https:\/\/www.bvrelectronic.de\/index.php?rest_route=\/wp\/v2\/types\/page"}],"author":[{"embeddable":true,"href":"https:\/\/www.bvrelectronic.de\/index.php?rest_route=\/wp\/v2\/users\/1"}],"replies":[{"embeddable":true,"href":"https:\/\/www.bvrelectronic.de\/index.php?rest_route=%2Fwp%2Fv2%2Fcomments&post=71"}],"version-history":[{"count":20,"href":"https:\/\/www.bvrelectronic.de\/index.php?rest_route=\/wp\/v2\/pages\/71\/revisions"}],"predecessor-version":[{"id":873,"href":"https:\/\/www.bvrelectronic.de\/index.php?rest_route=\/wp\/v2\/pages\/71\/revisions\/873"}],"up":[{"embeddable":true,"href":"https:\/\/www.bvrelectronic.de\/index.php?rest_route=\/wp\/v2\/pages\/22"}],"wp:featuredmedia":[{"embeddable":true,"href":"https:\/\/www.bvrelectronic.de\/index.php?rest_route=\/wp\/v2\/media\/186"}],"wp:attachment":[{"href":"https:\/\/www.bvrelectronic.de\/index.php?rest_route=%2Fwp%2Fv2%2Fmedia&parent=71"}],"curies":[{"name":"wp","href":"https:\/\/api.w.org\/{rel}","templated":true}]}}