{"id":73,"date":"2015-01-12T14:22:19","date_gmt":"2015-01-12T14:22:19","guid":{"rendered":"http:\/\/www.bvrelectronic.de\/cms\/?page_id=73"},"modified":"2015-02-12T08:57:24","modified_gmt":"2015-02-12T08:57:24","slug":"prueffeld-service","status":"publish","type":"page","link":"https:\/\/www.bvrelectronic.de\/?page_id=73","title":{"rendered":"Pr\u00fcffeld \/ Service"},"content":{"rendered":"<h2>Pr\u00fcffeld<\/h2>\n<p>Die Funktionspr\u00fcfung der Baugruppen erfolgt im BvR- Pr\u00fcffeld. Hier sind alle g\u00e4ngigen Test- und Pr\u00fcfeinrichtungen wie In-Circuit-, Burn-in- und Funktionstest verf\u00fcgbar.<\/p>\n<p>Unserem Pr\u00fcffeld angegliedert ist der Pr\u00fcf- und Messmittelbau, der die jeweils erforderlichen Testmittel f\u00fcr die Pr\u00fcfobjekte entwickelt und fertigt. Dieses Know-how gew\u00e4hrleistet eine hohe Pr\u00fcftiefe bei optimierter Pr\u00fcfzeit.<\/p>\n<h2>Service<\/h2>\n<p>In unserer Serviceabteilung werden analoge, digitale und mikroprozessorgesteuerte Ger\u00e4te aus der Antriebs- und Steuerungstechnik sowie Netzteile und Monitore repariert, die mitunter seit 25 Jahren auf dem Markt sind. Unsere erfahrenen Meister und Techniker k\u00f6nnen auch Ihre Produkte reparieren.<\/p>\n","protected":false},"excerpt":{"rendered":"<p>Pr\u00fcffeld Die Funktionspr\u00fcfung der Baugruppen erfolgt im BvR- Pr\u00fcffeld. Hier sind alle g\u00e4ngigen Test- und Pr\u00fcfeinrichtungen wie In-Circuit-, Burn-in- und Funktionstest verf\u00fcgbar. Unserem Pr\u00fcffeld angegliedert ist der Pr\u00fcf- und Messmittelbau, der die jeweils erforderlichen Testmittel f\u00fcr die Pr\u00fcfobjekte entwickelt und fertigt. Dieses Know-how gew\u00e4hrleistet eine hohe Pr\u00fcftiefe bei optimierter Pr\u00fcfzeit. Service In unserer Serviceabteilung werden [&hellip;]<\/p>\n","protected":false},"author":1,"featured_media":182,"parent":22,"menu_order":3,"comment_status":"closed","ping_status":"closed","template":"","meta":[],"yoast_head":"<!-- This site is optimized with the Yoast SEO plugin v19.14 - https:\/\/yoast.com\/wordpress\/plugins\/seo\/ -->\n<title>Pr\u00fcffeld \/ Service - BvR electronic<\/title>\n<meta name=\"robots\" content=\"index, follow, max-snippet:-1, max-image-preview:large, max-video-preview:-1\" \/>\n<link rel=\"canonical\" href=\"https:\/\/www.bvrelectronic.de\/?page_id=73\" \/>\n<meta property=\"og:locale\" content=\"de_DE\" \/>\n<meta property=\"og:type\" content=\"article\" \/>\n<meta property=\"og:title\" content=\"Pr\u00fcffeld \/ Service - BvR electronic\" \/>\n<meta property=\"og:description\" content=\"Pr\u00fcffeld Die Funktionspr\u00fcfung der Baugruppen erfolgt im BvR- Pr\u00fcffeld. Hier sind alle g\u00e4ngigen Test- und Pr\u00fcfeinrichtungen wie In-Circuit-, Burn-in- und Funktionstest verf\u00fcgbar. Unserem Pr\u00fcffeld angegliedert ist der Pr\u00fcf- und Messmittelbau, der die jeweils erforderlichen Testmittel f\u00fcr die Pr\u00fcfobjekte entwickelt und fertigt. Dieses Know-how gew\u00e4hrleistet eine hohe Pr\u00fcftiefe bei optimierter Pr\u00fcfzeit. Service In unserer Serviceabteilung werden [&hellip;]\" \/>\n<meta property=\"og:url\" content=\"https:\/\/www.bvrelectronic.de\/?page_id=73\" \/>\n<meta property=\"og:site_name\" content=\"BvR electronic\" \/>\n<meta property=\"article:modified_time\" content=\"2015-02-12T08:57:24+00:00\" \/>\n<meta property=\"og:image\" content=\"https:\/\/www.bvrelectronic.de\/cms\/wp-content\/uploads\/Pruefung.jpg\" \/>\n\t<meta property=\"og:image:width\" content=\"996\" \/>\n\t<meta property=\"og:image:height\" content=\"433\" \/>\n\t<meta property=\"og:image:type\" content=\"image\/jpeg\" \/>\n<meta name=\"twitter:label1\" content=\"Gesch\u00e4tzte Lesezeit\" \/>\n\t<meta name=\"twitter:data1\" content=\"1\u00a0Minute\" \/>\n<script type=\"application\/ld+json\" class=\"yoast-schema-graph\">{\"@context\":\"https:\/\/schema.org\",\"@graph\":[{\"@type\":\"WebPage\",\"@id\":\"https:\/\/www.bvrelectronic.de\/?page_id=73\",\"url\":\"https:\/\/www.bvrelectronic.de\/?page_id=73\",\"name\":\"Pr\u00fcffeld \/ Service - BvR electronic\",\"isPartOf\":{\"@id\":\"https:\/\/www.bvrelectronic.de\/#website\"},\"datePublished\":\"2015-01-12T14:22:19+00:00\",\"dateModified\":\"2015-02-12T08:57:24+00:00\",\"breadcrumb\":{\"@id\":\"https:\/\/www.bvrelectronic.de\/?page_id=73#breadcrumb\"},\"inLanguage\":\"de\",\"potentialAction\":[{\"@type\":\"ReadAction\",\"target\":[\"https:\/\/www.bvrelectronic.de\/?page_id=73\"]}]},{\"@type\":\"BreadcrumbList\",\"@id\":\"https:\/\/www.bvrelectronic.de\/?page_id=73#breadcrumb\",\"itemListElement\":[{\"@type\":\"ListItem\",\"position\":1,\"name\":\"Startseite\",\"item\":\"https:\/\/www.bvrelectronic.de\/\"},{\"@type\":\"ListItem\",\"position\":2,\"name\":\"Dienstleistungen\",\"item\":\"https:\/\/www.bvrelectronic.de\/?page_id=22\"},{\"@type\":\"ListItem\",\"position\":3,\"name\":\"Pr\u00fcffeld \/ Service\"}]},{\"@type\":\"WebSite\",\"@id\":\"https:\/\/www.bvrelectronic.de\/#website\",\"url\":\"https:\/\/www.bvrelectronic.de\/\",\"name\":\"BvR electronic\",\"description\":\"SMD\/THT Best\u00fcckung\",\"publisher\":{\"@id\":\"https:\/\/www.bvrelectronic.de\/#organization\"},\"potentialAction\":[{\"@type\":\"SearchAction\",\"target\":{\"@type\":\"EntryPoint\",\"urlTemplate\":\"https:\/\/www.bvrelectronic.de\/?s={search_term_string}\"},\"query-input\":\"required name=search_term_string\"}],\"inLanguage\":\"de\"},{\"@type\":\"Organization\",\"@id\":\"https:\/\/www.bvrelectronic.de\/#organization\",\"name\":\"BvR electronic GmbH\",\"url\":\"https:\/\/www.bvrelectronic.de\/\",\"logo\":{\"@type\":\"ImageObject\",\"inLanguage\":\"de\",\"@id\":\"https:\/\/www.bvrelectronic.de\/#\/schema\/logo\/image\/\",\"url\":\"https:\/\/www.bvrelectronic.de\/cms\/wp-content\/uploads\/BVR-logo-ISO-9001-2015.jpg\",\"contentUrl\":\"https:\/\/www.bvrelectronic.de\/cms\/wp-content\/uploads\/BVR-logo-ISO-9001-2015.jpg\",\"width\":1124,\"height\":632,\"caption\":\"BvR electronic GmbH\"},\"image\":{\"@id\":\"https:\/\/www.bvrelectronic.de\/#\/schema\/logo\/image\/\"}}]}<\/script>\n<!-- \/ Yoast SEO plugin. -->","yoast_head_json":{"title":"Pr\u00fcffeld \/ Service - BvR electronic","robots":{"index":"index","follow":"follow","max-snippet":"max-snippet:-1","max-image-preview":"max-image-preview:large","max-video-preview":"max-video-preview:-1"},"canonical":"https:\/\/www.bvrelectronic.de\/?page_id=73","og_locale":"de_DE","og_type":"article","og_title":"Pr\u00fcffeld \/ Service - BvR electronic","og_description":"Pr\u00fcffeld Die Funktionspr\u00fcfung der Baugruppen erfolgt im BvR- Pr\u00fcffeld. Hier sind alle g\u00e4ngigen Test- und Pr\u00fcfeinrichtungen wie In-Circuit-, Burn-in- und Funktionstest verf\u00fcgbar. Unserem Pr\u00fcffeld angegliedert ist der Pr\u00fcf- und Messmittelbau, der die jeweils erforderlichen Testmittel f\u00fcr die Pr\u00fcfobjekte entwickelt und fertigt. Dieses Know-how gew\u00e4hrleistet eine hohe Pr\u00fcftiefe bei optimierter Pr\u00fcfzeit. Service In unserer Serviceabteilung werden [&hellip;]","og_url":"https:\/\/www.bvrelectronic.de\/?page_id=73","og_site_name":"BvR electronic","article_modified_time":"2015-02-12T08:57:24+00:00","og_image":[{"width":996,"height":433,"url":"https:\/\/www.bvrelectronic.de\/cms\/wp-content\/uploads\/Pruefung.jpg","type":"image\/jpeg"}],"twitter_misc":{"Gesch\u00e4tzte Lesezeit":"1\u00a0Minute"},"schema":{"@context":"https:\/\/schema.org","@graph":[{"@type":"WebPage","@id":"https:\/\/www.bvrelectronic.de\/?page_id=73","url":"https:\/\/www.bvrelectronic.de\/?page_id=73","name":"Pr\u00fcffeld \/ Service - BvR electronic","isPartOf":{"@id":"https:\/\/www.bvrelectronic.de\/#website"},"datePublished":"2015-01-12T14:22:19+00:00","dateModified":"2015-02-12T08:57:24+00:00","breadcrumb":{"@id":"https:\/\/www.bvrelectronic.de\/?page_id=73#breadcrumb"},"inLanguage":"de","potentialAction":[{"@type":"ReadAction","target":["https:\/\/www.bvrelectronic.de\/?page_id=73"]}]},{"@type":"BreadcrumbList","@id":"https:\/\/www.bvrelectronic.de\/?page_id=73#breadcrumb","itemListElement":[{"@type":"ListItem","position":1,"name":"Startseite","item":"https:\/\/www.bvrelectronic.de\/"},{"@type":"ListItem","position":2,"name":"Dienstleistungen","item":"https:\/\/www.bvrelectronic.de\/?page_id=22"},{"@type":"ListItem","position":3,"name":"Pr\u00fcffeld \/ Service"}]},{"@type":"WebSite","@id":"https:\/\/www.bvrelectronic.de\/#website","url":"https:\/\/www.bvrelectronic.de\/","name":"BvR electronic","description":"SMD\/THT Best\u00fcckung","publisher":{"@id":"https:\/\/www.bvrelectronic.de\/#organization"},"potentialAction":[{"@type":"SearchAction","target":{"@type":"EntryPoint","urlTemplate":"https:\/\/www.bvrelectronic.de\/?s={search_term_string}"},"query-input":"required name=search_term_string"}],"inLanguage":"de"},{"@type":"Organization","@id":"https:\/\/www.bvrelectronic.de\/#organization","name":"BvR electronic GmbH","url":"https:\/\/www.bvrelectronic.de\/","logo":{"@type":"ImageObject","inLanguage":"de","@id":"https:\/\/www.bvrelectronic.de\/#\/schema\/logo\/image\/","url":"https:\/\/www.bvrelectronic.de\/cms\/wp-content\/uploads\/BVR-logo-ISO-9001-2015.jpg","contentUrl":"https:\/\/www.bvrelectronic.de\/cms\/wp-content\/uploads\/BVR-logo-ISO-9001-2015.jpg","width":1124,"height":632,"caption":"BvR electronic GmbH"},"image":{"@id":"https:\/\/www.bvrelectronic.de\/#\/schema\/logo\/image\/"}}]}},"_links":{"self":[{"href":"https:\/\/www.bvrelectronic.de\/index.php?rest_route=\/wp\/v2\/pages\/73"}],"collection":[{"href":"https:\/\/www.bvrelectronic.de\/index.php?rest_route=\/wp\/v2\/pages"}],"about":[{"href":"https:\/\/www.bvrelectronic.de\/index.php?rest_route=\/wp\/v2\/types\/page"}],"author":[{"embeddable":true,"href":"https:\/\/www.bvrelectronic.de\/index.php?rest_route=\/wp\/v2\/users\/1"}],"replies":[{"embeddable":true,"href":"https:\/\/www.bvrelectronic.de\/index.php?rest_route=%2Fwp%2Fv2%2Fcomments&post=73"}],"version-history":[{"count":7,"href":"https:\/\/www.bvrelectronic.de\/index.php?rest_route=\/wp\/v2\/pages\/73\/revisions"}],"predecessor-version":[{"id":638,"href":"https:\/\/www.bvrelectronic.de\/index.php?rest_route=\/wp\/v2\/pages\/73\/revisions\/638"}],"up":[{"embeddable":true,"href":"https:\/\/www.bvrelectronic.de\/index.php?rest_route=\/wp\/v2\/pages\/22"}],"wp:featuredmedia":[{"embeddable":true,"href":"https:\/\/www.bvrelectronic.de\/index.php?rest_route=\/wp\/v2\/media\/182"}],"wp:attachment":[{"href":"https:\/\/www.bvrelectronic.de\/index.php?rest_route=%2Fwp%2Fv2%2Fmedia&parent=73"}],"curies":[{"name":"wp","href":"https:\/\/api.w.org\/{rel}","templated":true}]}}