{"id":79,"date":"2015-01-12T14:23:25","date_gmt":"2015-01-12T14:23:25","guid":{"rendered":"http:\/\/www.bvrelectronic.de\/cms\/?page_id=79"},"modified":"2017-10-26T13:29:08","modified_gmt":"2017-10-26T13:29:08","slug":"varioline-plus","status":"publish","type":"page","link":"https:\/\/www.bvrelectronic.de\/?page_id=79","title":{"rendered":"VarioLine PLUS 2"},"content":{"rendered":"<h2>Der smart lamps LED Unterwasserstrahler VarioLine PLUS 2<\/h2>\n<h3><span style=\"color: #ff0000;\">Jetzt NEU &#8211;\u00a0 VarioLine PLUS 2!<\/span><\/h3>\n<h4>Das Einsatzgebiet der smart lamps LED Leuchten in Pools, Hallenb\u00e4dern, Thermen und auch Teichen stellt h\u00f6chste Anforderungen an die Haltbarkeit und Zuverl\u00e4ssigkeit der verwendeten Materialien und Komponenten. Umfassende Untersuchungen ergaben, dass Extremsituationen, bedingt durch erh\u00f6hte Wassertemperatur, aber auch eine lange Leuchtdauer, besondere Anforderungen an die Konzeption und Fertigung der verwendeten Elemente stellen.<\/h4>\n<p>Unsere gesammelten Erfahrungen waren die Grundlage der Weiterentwicklung, wobei umfangreiche Testreihen und praktische Versuche zur kontinuierlichen Verbesserung beigetragen haben.<\/p>\n<p><span style=\"color: #ff0000;\"><strong>NEU:<\/strong><\/span><\/p>\n<ul style=\"list-style-type: disc;\">\n<li>deutliche Erh\u00f6hung der Klebefl\u00e4chen<\/li>\n<li>2-fach Verklebung<\/li>\n<li>zus\u00e4tzliche Verschraubung der Leiterplatte<\/li>\n<li>Rastlaschen am Geh\u00e4usedeckel<\/li>\n<li>100% kompatibel<\/li>\n<\/ul>\n<p><span style=\"color: #ff0000;\"><strong>Schutz vor Wassereintritt:<\/strong><\/span><br \/>\nMittels kontruktiver \u00c4nderung der Geh\u00e4useteile wird eine deutliche Erh\u00f6hung der Klebefl\u00e4chen erzielt und damit eine gr\u00f6\u00dftm\u00f6gliche Wasserbarriere erreicht. Als weiteren Schutz vor Wassereintritt ist die Varioline 2 am \u00e4u\u00dferen Ring der Lampe ein zweites Mal vergossen.<\/p>\n<p><span style=\"color: #ff0000;\"><strong>W\u00e4rmemanagement:<\/strong><\/span><br \/>\nUm die thermische Belastung der Lampe so gering wie m\u00f6glich zu halten, wird die LED-Platine zus\u00e4tzlich an der R\u00fcckwand verschraubt. Die entstehende W\u00e4rme wird dadurch noch besser \u00fcber die R\u00fcckwand abgeleitet.<\/p>\n<p><span style=\"color: #ff0000;\"><strong>Mechanische Entlastung:<\/strong><\/span><br \/>\nDas Einrasten der Lampe in den Blenden erfolgt nun ausschlie\u00dflich am Geh\u00e4usedeckel. Dabei wird ein mechanisches Wirken auf die Klebenaht verhindert.<\/p>\n<p>&nbsp;<\/p>\n<p>Alle Vorteile der smart lamps Unterwasserleuchte &#8211; VarioLine PLUS auf einen Blick:<\/p>\n<ul>\n<li>LED-Lichtstrom bis 2.800 Lumen (wei\u00df 6000 K)<\/li>\n<li>modernste LED Technik<\/li>\n<li>umweltfreundlich und energieeffizient<\/li>\n<li>sehr flache Bauweise<\/li>\n<li>keine UV Strahlung<\/li>\n<li>perfekte Ausleuchtung durch 160 Grad Ausstrahlwinkel<\/li>\n<li>100 % wasserdicht<\/li>\n<li>Nachr\u00fcsts\u00e4tze f\u00fcr nahezu alle g\u00e4ngigen Einbaunischen<\/li>\n<li>einfache Montage<\/li>\n<li>\u00e4u\u00dferst widerstandsf\u00e4higes und robustes Leuchtengeh\u00e4use aus<br \/>\nw\u00e4rmeleitendem Kunststoff \/ Polycarbonat<\/li>\n<li>elektronische Temperaturregelung mit Softstartfunktion<\/li>\n<li>optimale Wasserzirkulation durch speziell gestaltete Blenden f\u00fcr beste K\u00fchlung<\/li>\n<li>RGB Ausf\u00fchrung mit DMX Licht-Steuerung verf\u00fcgbar<\/li>\n<li>erh\u00e4ltlich in den Farben wei\u00df oder blau<\/li>\n<li>24 Monate Garantie<\/li>\n<li>Leistung:\u00a0 36 Watt max. bei 24 V<\/li>\n<li>Qualit\u00e4t Made in Germany<\/li>\n<\/ul>\n","protected":false},"excerpt":{"rendered":"<p>Der smart lamps LED Unterwasserstrahler VarioLine PLUS 2 Jetzt NEU &#8211;\u00a0 VarioLine PLUS 2! Das Einsatzgebiet der smart lamps LED Leuchten in Pools, Hallenb\u00e4dern, Thermen und auch Teichen stellt h\u00f6chste Anforderungen an die Haltbarkeit und Zuverl\u00e4ssigkeit der verwendeten Materialien und Komponenten. Umfassende Untersuchungen ergaben, dass Extremsituationen, bedingt durch erh\u00f6hte Wassertemperatur, aber auch eine lange Leuchtdauer, [&hellip;]<\/p>\n","protected":false},"author":1,"featured_media":324,"parent":56,"menu_order":2,"comment_status":"closed","ping_status":"closed","template":"","meta":[],"yoast_head":"<!-- This site is optimized with the Yoast SEO plugin v19.14 - https:\/\/yoast.com\/wordpress\/plugins\/seo\/ -->\n<title>VarioLine PLUS 2 - BvR electronic<\/title>\n<meta name=\"robots\" content=\"index, follow, max-snippet:-1, max-image-preview:large, max-video-preview:-1\" \/>\n<link rel=\"canonical\" href=\"https:\/\/www.bvrelectronic.de\/?page_id=79\" \/>\n<meta property=\"og:locale\" content=\"de_DE\" \/>\n<meta property=\"og:type\" content=\"article\" \/>\n<meta property=\"og:title\" content=\"VarioLine PLUS 2 - BvR electronic\" \/>\n<meta property=\"og:description\" content=\"Der smart lamps LED Unterwasserstrahler VarioLine PLUS 2 Jetzt NEU &#8211;\u00a0 VarioLine PLUS 2! Das Einsatzgebiet der smart lamps LED Leuchten in Pools, Hallenb\u00e4dern, Thermen und auch Teichen stellt h\u00f6chste Anforderungen an die Haltbarkeit und Zuverl\u00e4ssigkeit der verwendeten Materialien und Komponenten. Umfassende Untersuchungen ergaben, dass Extremsituationen, bedingt durch erh\u00f6hte Wassertemperatur, aber auch eine lange Leuchtdauer, [&hellip;]\" \/>\n<meta property=\"og:url\" content=\"https:\/\/www.bvrelectronic.de\/?page_id=79\" \/>\n<meta property=\"og:site_name\" content=\"BvR electronic\" \/>\n<meta property=\"article:modified_time\" content=\"2017-10-26T13:29:08+00:00\" \/>\n<meta property=\"og:image\" content=\"https:\/\/www.bvrelectronic.de\/cms\/wp-content\/uploads\/pool-wellness-beleuchtung-innenbereiche4.jpg\" \/>\n\t<meta property=\"og:image:width\" content=\"409\" \/>\n\t<meta property=\"og:image:height\" content=\"200\" \/>\n\t<meta property=\"og:image:type\" content=\"image\/jpeg\" \/>\n<meta name=\"twitter:label1\" content=\"Gesch\u00e4tzte Lesezeit\" \/>\n\t<meta name=\"twitter:data1\" content=\"2\u00a0Minuten\" \/>\n<script type=\"application\/ld+json\" class=\"yoast-schema-graph\">{\"@context\":\"https:\/\/schema.org\",\"@graph\":[{\"@type\":\"WebPage\",\"@id\":\"https:\/\/www.bvrelectronic.de\/?page_id=79\",\"url\":\"https:\/\/www.bvrelectronic.de\/?page_id=79\",\"name\":\"VarioLine PLUS 2 - BvR electronic\",\"isPartOf\":{\"@id\":\"https:\/\/www.bvrelectronic.de\/#website\"},\"datePublished\":\"2015-01-12T14:23:25+00:00\",\"dateModified\":\"2017-10-26T13:29:08+00:00\",\"breadcrumb\":{\"@id\":\"https:\/\/www.bvrelectronic.de\/?page_id=79#breadcrumb\"},\"inLanguage\":\"de\",\"potentialAction\":[{\"@type\":\"ReadAction\",\"target\":[\"https:\/\/www.bvrelectronic.de\/?page_id=79\"]}]},{\"@type\":\"BreadcrumbList\",\"@id\":\"https:\/\/www.bvrelectronic.de\/?page_id=79#breadcrumb\",\"itemListElement\":[{\"@type\":\"ListItem\",\"position\":1,\"name\":\"Startseite\",\"item\":\"https:\/\/www.bvrelectronic.de\/\"},{\"@type\":\"ListItem\",\"position\":2,\"name\":\"SmartLamps\",\"item\":\"https:\/\/www.bvrelectronic.de\/?page_id=56\"},{\"@type\":\"ListItem\",\"position\":3,\"name\":\"VarioLine PLUS 2\"}]},{\"@type\":\"WebSite\",\"@id\":\"https:\/\/www.bvrelectronic.de\/#website\",\"url\":\"https:\/\/www.bvrelectronic.de\/\",\"name\":\"BvR electronic\",\"description\":\"SMD\/THT Best\u00fcckung\",\"publisher\":{\"@id\":\"https:\/\/www.bvrelectronic.de\/#organization\"},\"potentialAction\":[{\"@type\":\"SearchAction\",\"target\":{\"@type\":\"EntryPoint\",\"urlTemplate\":\"https:\/\/www.bvrelectronic.de\/?s={search_term_string}\"},\"query-input\":\"required name=search_term_string\"}],\"inLanguage\":\"de\"},{\"@type\":\"Organization\",\"@id\":\"https:\/\/www.bvrelectronic.de\/#organization\",\"name\":\"BvR electronic GmbH\",\"url\":\"https:\/\/www.bvrelectronic.de\/\",\"logo\":{\"@type\":\"ImageObject\",\"inLanguage\":\"de\",\"@id\":\"https:\/\/www.bvrelectronic.de\/#\/schema\/logo\/image\/\",\"url\":\"https:\/\/www.bvrelectronic.de\/cms\/wp-content\/uploads\/BVR-logo-ISO-9001-2015.jpg\",\"contentUrl\":\"https:\/\/www.bvrelectronic.de\/cms\/wp-content\/uploads\/BVR-logo-ISO-9001-2015.jpg\",\"width\":1124,\"height\":632,\"caption\":\"BvR electronic GmbH\"},\"image\":{\"@id\":\"https:\/\/www.bvrelectronic.de\/#\/schema\/logo\/image\/\"}}]}<\/script>\n<!-- \/ Yoast SEO plugin. -->","yoast_head_json":{"title":"VarioLine PLUS 2 - BvR electronic","robots":{"index":"index","follow":"follow","max-snippet":"max-snippet:-1","max-image-preview":"max-image-preview:large","max-video-preview":"max-video-preview:-1"},"canonical":"https:\/\/www.bvrelectronic.de\/?page_id=79","og_locale":"de_DE","og_type":"article","og_title":"VarioLine PLUS 2 - BvR electronic","og_description":"Der smart lamps LED Unterwasserstrahler VarioLine PLUS 2 Jetzt NEU &#8211;\u00a0 VarioLine PLUS 2! Das Einsatzgebiet der smart lamps LED Leuchten in Pools, Hallenb\u00e4dern, Thermen und auch Teichen stellt h\u00f6chste Anforderungen an die Haltbarkeit und Zuverl\u00e4ssigkeit der verwendeten Materialien und Komponenten. Umfassende Untersuchungen ergaben, dass Extremsituationen, bedingt durch erh\u00f6hte Wassertemperatur, aber auch eine lange Leuchtdauer, [&hellip;]","og_url":"https:\/\/www.bvrelectronic.de\/?page_id=79","og_site_name":"BvR electronic","article_modified_time":"2017-10-26T13:29:08+00:00","og_image":[{"width":409,"height":200,"url":"https:\/\/www.bvrelectronic.de\/cms\/wp-content\/uploads\/pool-wellness-beleuchtung-innenbereiche4.jpg","type":"image\/jpeg"}],"twitter_misc":{"Gesch\u00e4tzte Lesezeit":"2\u00a0Minuten"},"schema":{"@context":"https:\/\/schema.org","@graph":[{"@type":"WebPage","@id":"https:\/\/www.bvrelectronic.de\/?page_id=79","url":"https:\/\/www.bvrelectronic.de\/?page_id=79","name":"VarioLine PLUS 2 - BvR electronic","isPartOf":{"@id":"https:\/\/www.bvrelectronic.de\/#website"},"datePublished":"2015-01-12T14:23:25+00:00","dateModified":"2017-10-26T13:29:08+00:00","breadcrumb":{"@id":"https:\/\/www.bvrelectronic.de\/?page_id=79#breadcrumb"},"inLanguage":"de","potentialAction":[{"@type":"ReadAction","target":["https:\/\/www.bvrelectronic.de\/?page_id=79"]}]},{"@type":"BreadcrumbList","@id":"https:\/\/www.bvrelectronic.de\/?page_id=79#breadcrumb","itemListElement":[{"@type":"ListItem","position":1,"name":"Startseite","item":"https:\/\/www.bvrelectronic.de\/"},{"@type":"ListItem","position":2,"name":"SmartLamps","item":"https:\/\/www.bvrelectronic.de\/?page_id=56"},{"@type":"ListItem","position":3,"name":"VarioLine PLUS 2"}]},{"@type":"WebSite","@id":"https:\/\/www.bvrelectronic.de\/#website","url":"https:\/\/www.bvrelectronic.de\/","name":"BvR electronic","description":"SMD\/THT Best\u00fcckung","publisher":{"@id":"https:\/\/www.bvrelectronic.de\/#organization"},"potentialAction":[{"@type":"SearchAction","target":{"@type":"EntryPoint","urlTemplate":"https:\/\/www.bvrelectronic.de\/?s={search_term_string}"},"query-input":"required name=search_term_string"}],"inLanguage":"de"},{"@type":"Organization","@id":"https:\/\/www.bvrelectronic.de\/#organization","name":"BvR electronic GmbH","url":"https:\/\/www.bvrelectronic.de\/","logo":{"@type":"ImageObject","inLanguage":"de","@id":"https:\/\/www.bvrelectronic.de\/#\/schema\/logo\/image\/","url":"https:\/\/www.bvrelectronic.de\/cms\/wp-content\/uploads\/BVR-logo-ISO-9001-2015.jpg","contentUrl":"https:\/\/www.bvrelectronic.de\/cms\/wp-content\/uploads\/BVR-logo-ISO-9001-2015.jpg","width":1124,"height":632,"caption":"BvR electronic GmbH"},"image":{"@id":"https:\/\/www.bvrelectronic.de\/#\/schema\/logo\/image\/"}}]}},"_links":{"self":[{"href":"https:\/\/www.bvrelectronic.de\/index.php?rest_route=\/wp\/v2\/pages\/79"}],"collection":[{"href":"https:\/\/www.bvrelectronic.de\/index.php?rest_route=\/wp\/v2\/pages"}],"about":[{"href":"https:\/\/www.bvrelectronic.de\/index.php?rest_route=\/wp\/v2\/types\/page"}],"author":[{"embeddable":true,"href":"https:\/\/www.bvrelectronic.de\/index.php?rest_route=\/wp\/v2\/users\/1"}],"replies":[{"embeddable":true,"href":"https:\/\/www.bvrelectronic.de\/index.php?rest_route=%2Fwp%2Fv2%2Fcomments&post=79"}],"version-history":[{"count":13,"href":"https:\/\/www.bvrelectronic.de\/index.php?rest_route=\/wp\/v2\/pages\/79\/revisions"}],"predecessor-version":[{"id":730,"href":"https:\/\/www.bvrelectronic.de\/index.php?rest_route=\/wp\/v2\/pages\/79\/revisions\/730"}],"up":[{"embeddable":true,"href":"https:\/\/www.bvrelectronic.de\/index.php?rest_route=\/wp\/v2\/pages\/56"}],"wp:featuredmedia":[{"embeddable":true,"href":"https:\/\/www.bvrelectronic.de\/index.php?rest_route=\/wp\/v2\/media\/324"}],"wp:attachment":[{"href":"https:\/\/www.bvrelectronic.de\/index.php?rest_route=%2Fwp%2Fv2%2Fmedia&parent=79"}],"curies":[{"name":"wp","href":"https:\/\/api.w.org\/{rel}","templated":true}]}}